{"id":13,"date":"2022-01-11T20:01:57","date_gmt":"2022-01-11T20:01:57","guid":{"rendered":"http:\/\/hostingwp2033406.online.pro\/dummy\/semineevestea\/?page_id=13"},"modified":"2022-02-28T10:52:00","modified_gmt":"2022-02-28T10:52:00","slug":"lucrari-din-piatra","status":"publish","type":"page","link":"https:\/\/semineevistea.ro\/index.php\/lucrari-din-piatra\/","title":{"rendered":"Lucr\u0103ri din piatr\u0103"},"content":{"rendered":"<p>[et_pb_section fb_built=&#8221;1&#8243; _builder_version=&#8221;4.14.5&#8243; _module_preset=&#8221;default&#8221; locked=&#8221;off&#8221; global_colors_info=&#8221;{}&#8221;][et_pb_row _builder_version=&#8221;4.14.5&#8243; _module_preset=&#8221;default&#8221; global_colors_info=&#8221;{}&#8221;][et_pb_column type=&#8221;4_4&#8243; _builder_version=&#8221;4.14.5&#8243; _module_preset=&#8221;default&#8221; global_colors_info=&#8221;{}&#8221;][et_pb_text _builder_version=&#8221;4.14.5&#8243; _module_preset=&#8221;default&#8221; text_font=&#8221;|700|||||||&#8221; text_text_color=&#8221;#FFFFFF&#8221; text_font_size=&#8221;30px&#8221; text_font_size_tablet=&#8221;25px&#8221; text_font_size_phone=&#8221;20px&#8221; text_font_size_last_edited=&#8221;on|phone&#8221; text_text_shadow_style=&#8221;preset1&#8243; global_colors_info=&#8221;{}&#8221;]<\/p>\n<p style=\"text-align: center;\">Lucr\u0103ri din piatr\u0103<\/p>\n<p>[\/et_pb_text][\/et_pb_column][\/et_pb_row][\/et_pb_section][et_pb_section fb_built=&#8221;1&#8243; _builder_version=&#8221;4.14.5&#8243; _module_preset=&#8221;default&#8221; use_background_color_gradient=&#8221;on&#8221; background_color_gradient_start=&#8221;rgba(0,0,0,0.2)&#8221; background_color_gradient_end=&#8221;rgba(0,0,0,0.3)&#8221; background_color_gradient_overlays_image=&#8221;on&#8221; background_image=&#8221;https:\/\/semineevistea.ro\/wp-content\/uploads\/2022\/01\/pexels-karolina-grabowska-4705853-1.jpg&#8221; positioning=&#8221;absolute&#8221; min_height=&#8221;379px&#8221; custom_margin=&#8221;-140px||-20px||false|false&#8221; custom_margin_tablet=&#8221;-160px||||false|false&#8221; custom_margin_phone=&#8221;-180px||-20px||false|false&#8221; custom_margin_last_edited=&#8221;on|phone&#8221; locked=&#8221;off&#8221; global_colors_info=&#8221;{}&#8221;][\/et_pb_section][et_pb_section fb_built=&#8221;1&#8243; disabled_on=&#8221;on|on|on&#8221; _builder_version=&#8221;4.14.5&#8243; _module_preset=&#8221;default&#8221; disabled=&#8221;on&#8221; locked=&#8221;off&#8221; global_colors_info=&#8221;{}&#8221;][et_pb_row column_structure=&#8221;1_3,1_3,1_3&#8243; _builder_version=&#8221;4.14.5&#8243; _module_preset=&#8221;default&#8221; global_colors_info=&#8221;{}&#8221;][et_pb_column type=&#8221;1_3&#8243; _builder_version=&#8221;4.14.5&#8243; _module_preset=&#8221;default&#8221; global_colors_info=&#8221;{}&#8221;][et_pb_blurb title=&#8221;Zon\u0103 de gr\u0103tar \/ Buc\u0103t\u0103rii de var\u0103&#8221; url=&#8221;https:\/\/semineevistea.ro\/index.php\/lucrari-din-piatra\/zona-de-gratar-bucatarii-de-vara\/&#8221; image=&#8221;https:\/\/semineevistea.ro\/wp-content\/uploads\/2022\/01\/20190902_182327_Original-1-scaled.jpg&#8221; _builder_version=&#8221;4.14.5&#8243; _module_preset=&#8221;default&#8221; header_font=&#8221;|600|||||||&#8221; header_text_align=&#8221;center&#8221; link_option_url=&#8221;https:\/\/semineevistea.ro\/index.php\/lucrari-din-piatra\/zona-de-gratar-bucatarii-de-vara\/&#8221; global_colors_info=&#8221;{}&#8221;][\/et_pb_blurb][\/et_pb_column][et_pb_column type=&#8221;1_3&#8243; _builder_version=&#8221;4.14.5&#8243; _module_preset=&#8221;default&#8221; global_colors_info=&#8221;{}&#8221;][et_pb_blurb title=&#8221;St\u00e2lpi ornamentali&#8221; url=&#8221;https:\/\/semineevistea.ro\/index.php\/lucrari-din-piatra\/stalpi-ornamentali\/&#8221; image=&#8221;https:\/\/semineevistea.ro\/wp-content\/uploads\/2010\/09\/2576232_1281877470.jpg&#8221; _builder_version=&#8221;4.14.5&#8243; _module_preset=&#8221;default&#8221; header_font=&#8221;|600|||||||&#8221; header_text_align=&#8221;center&#8221; custom_margin_tablet=&#8221;20px||||false|false&#8221; custom_margin_phone=&#8221;20px||||false|false&#8221; custom_margin_last_edited=&#8221;on|phone&#8221; link_option_url=&#8221;https:\/\/semineevistea.ro\/index.php\/lucrari-din-piatra\/stalpi-ornamentali\/&#8221; hover_enabled=&#8221;0&#8243; global_colors_info=&#8221;{}&#8221; title_text=&#8221;2576232_1281877470&#8243; image_icon_width=&#8221;75%&#8221; sticky_enabled=&#8221;0&#8243;][\/et_pb_blurb][\/et_pb_column][et_pb_column type=&#8221;1_3&#8243; _builder_version=&#8221;4.14.5&#8243; _module_preset=&#8221;default&#8221; global_colors_info=&#8221;{}&#8221;][et_pb_blurb title=&#8221;Sculpturi \/ Statui&#8221; url=&#8221;https:\/\/semineevistea.ro\/index.php\/lucrari-din-piatra\/sculpturi-statui\/&#8221; image=&#8221;https:\/\/semineevistea.ro\/wp-content\/uploads\/2022\/01\/leu.jpg&#8221; _builder_version=&#8221;4.14.5&#8243; _module_preset=&#8221;default&#8221; header_font=&#8221;|600|||||||&#8221; header_text_align=&#8221;center&#8221; link_option_url=&#8221;https:\/\/semineevistea.ro\/index.php\/lucrari-din-piatra\/sculpturi-statui\/&#8221; global_colors_info=&#8221;{}&#8221;][\/et_pb_blurb][\/et_pb_column][\/et_pb_row][et_pb_row column_structure=&#8221;1_3,1_3,1_3&#8243; _builder_version=&#8221;4.14.5&#8243; _module_preset=&#8221;default&#8221; custom_margin=&#8221;25px||||false|false&#8221; custom_padding=&#8221;47px|||||&#8221; global_colors_info=&#8221;{}&#8221;][et_pb_column type=&#8221;1_3&#8243; _builder_version=&#8221;4.14.5&#8243; _module_preset=&#8221;default&#8221; global_colors_info=&#8221;{}&#8221;][et_pb_blurb title=&#8221;Plac\u0103ri&#8221; url=&#8221;https:\/\/semineevistea.ro\/index.php\/lucrari-din-piatra\/placari\/&#8221; image=&#8221;https:\/\/semineevistea.ro\/wp-content\/uploads\/2022\/01\/placari.jpg&#8221; _builder_version=&#8221;4.14.5&#8243; _module_preset=&#8221;default&#8221; header_font=&#8221;|600|||||||&#8221; header_text_align=&#8221;center&#8221; custom_margin_tablet=&#8221;20px||||false|false&#8221; custom_margin_phone=&#8221;20px||||false|false&#8221; custom_margin_last_edited=&#8221;on|tablet&#8221; link_option_url=&#8221;https:\/\/semineevistea.ro\/index.php\/lucrari-din-piatra\/placari\/&#8221; global_colors_info=&#8221;{}&#8221;][\/et_pb_blurb][\/et_pb_column][et_pb_column type=&#8221;1_3&#8243; _builder_version=&#8221;4.14.5&#8243; _module_preset=&#8221;default&#8221; global_colors_info=&#8221;{}&#8221;][et_pb_blurb title=&#8221;Monograme&#8221; url=&#8221;https:\/\/semineevistea.ro\/index.php\/lucrari-din-piatra\/monograme\/&#8221; image=&#8221;https:\/\/semineevistea.ro\/wp-content\/uploads\/2022\/01\/monograme.jpg&#8221; _builder_version=&#8221;4.14.5&#8243; _module_preset=&#8221;default&#8221; header_font=&#8221;|600|||||||&#8221; header_text_align=&#8221;center&#8221; header_line_height=&#8221;1.4em&#8221; custom_margin_tablet=&#8221;20px||||false|false&#8221; custom_margin_phone=&#8221;20px||||false|false&#8221; custom_margin_last_edited=&#8221;on|tablet&#8221; link_option_url=&#8221;https:\/\/semineevistea.ro\/index.php\/lucrari-din-piatra\/monograme\/&#8221; global_colors_info=&#8221;{}&#8221;][\/et_pb_blurb][\/et_pb_column][et_pb_column type=&#8221;1_3&#8243; _builder_version=&#8221;4.14.5&#8243; _module_preset=&#8221;default&#8221; global_colors_info=&#8221;{}&#8221;][et_pb_blurb title=&#8221;Elemente decorative&#8221; url=&#8221;https:\/\/semineevistea.ro\/index.php\/lucrari-din-piatra\/elemente-decorative\/&#8221; image=&#8221;https:\/\/semineevistea.ro\/wp-content\/uploads\/2022\/01\/decor.jpg&#8221; _builder_version=&#8221;4.14.5&#8243; _module_preset=&#8221;default&#8221; header_font=&#8221;|600|||||||&#8221; header_text_align=&#8221;center&#8221; header_line_height=&#8221;1.4em&#8221; custom_margin_tablet=&#8221;20px||||false|false&#8221; custom_margin_phone=&#8221;20px||||false|false&#8221; custom_margin_last_edited=&#8221;on|tablet&#8221; link_option_url=&#8221;https:\/\/semineevistea.ro\/index.php\/lucrari-din-piatra\/elemente-decorative\/&#8221; global_colors_info=&#8221;{}&#8221;][\/et_pb_blurb][\/et_pb_column][\/et_pb_row][et_pb_row column_structure=&#8221;1_3,1_3,1_3&#8243; _builder_version=&#8221;4.14.5&#8243; _module_preset=&#8221;default&#8221; custom_margin=&#8221;25px||||false|false&#8221; custom_padding=&#8221;47px|||||&#8221; global_colors_info=&#8221;{}&#8221;][et_pb_column type=&#8221;1_3&#8243; _builder_version=&#8221;4.14.5&#8243; _module_preset=&#8221;default&#8221; global_colors_info=&#8221;{}&#8221;][et_pb_blurb title=&#8221;Co\u0219uri de fum&#8221; url=&#8221;https:\/\/semineevistea.ro\/index.php\/lucrari-din-piatra\/cosuri-de-fum\/&#8221; image=&#8221;https:\/\/semineevistea.ro\/wp-content\/uploads\/2022\/01\/DSCN0325.jpg&#8221; _builder_version=&#8221;4.14.5&#8243; _module_preset=&#8221;default&#8221; header_font=&#8221;|600|||||||&#8221; header_text_align=&#8221;center&#8221; custom_margin_tablet=&#8221;20px||||false|false&#8221; custom_margin_phone=&#8221;20px||||false|false&#8221; custom_margin_last_edited=&#8221;on|tablet&#8221; link_option_url=&#8221;https:\/\/semineevistea.ro\/index.php\/lucrari-din-piatra\/cosuri-de-fum\/&#8221; hover_enabled=&#8221;0&#8243; global_colors_info=&#8221;{}&#8221; title_text=&#8221;DSCN0325&#8243; sticky_enabled=&#8221;0&#8243; image_icon_width=&#8221;58%&#8221;][\/et_pb_blurb][\/et_pb_column][et_pb_column type=&#8221;1_3&#8243; _builder_version=&#8221;4.14.5&#8243; _module_preset=&#8221;default&#8221; global_colors_info=&#8221;{}&#8221;][et_pb_blurb title=&#8221;Amenaj\u0103ri exterioare&#8221; url=&#8221;https:\/\/semineevistea.ro\/index.php\/lucrari-din-piatra\/amenajari-exterioare\/&#8221; image=&#8221;https:\/\/semineevistea.ro\/wp-content\/uploads\/2022\/01\/lepcso.jpg&#8221; _builder_version=&#8221;4.14.5&#8243; _module_preset=&#8221;default&#8221; header_font=&#8221;|600|||||||&#8221; header_text_align=&#8221;center&#8221; header_line_height=&#8221;1.4em&#8221; custom_margin_tablet=&#8221;20px||||false|false&#8221; custom_margin_phone=&#8221;20px||||false|false&#8221; custom_margin_last_edited=&#8221;on|tablet&#8221; link_option_url=&#8221;https:\/\/semineevistea.ro\/index.php\/lucrari-din-piatra\/amenajari-exterioare\/&#8221; global_colors_info=&#8221;{}&#8221;][\/et_pb_blurb][\/et_pb_column][et_pb_column type=&#8221;1_3&#8243; _builder_version=&#8221;4.14.5&#8243; _module_preset=&#8221;default&#8221; global_colors_info=&#8221;{}&#8221;][\/et_pb_column][\/et_pb_row][\/et_pb_section][et_pb_section fb_built=&#8221;1&#8243; _builder_version=&#8221;4.14.5&#8243; _module_preset=&#8221;default&#8221; global_colors_info=&#8221;{}&#8221;][et_pb_row column_structure=&#8221;1_3,1_3,1_3&#8243; _builder_version=&#8221;4.14.5&#8243; _module_preset=&#8221;default&#8221; global_colors_info=&#8221;{}&#8221;][et_pb_column type=&#8221;1_3&#8243; _builder_version=&#8221;4.14.5&#8243; _module_preset=&#8221;default&#8221; global_colors_info=&#8221;{}&#8221;][et_pb_blurb title=&#8221;Zon\u0103 de gr\u0103tar \/ Buc\u0103t\u0103rii de var\u0103&#8221; url=&#8221;https:\/\/semineevistea.ro\/index.php\/lucrari-din-piatra\/zona-de-gratar-bucatarii-de-vara\/&#8221; image=&#8221;https:\/\/semineevistea.ro\/wp-content\/uploads\/2022\/01\/20190902_182327_Original-scaled.jpg&#8221; module_class=&#8221;et_pb_blurb_cat&#8221; _builder_version=&#8221;4.14.5&#8243; _module_preset=&#8221;default&#8221; header_text_align=&#8221;center&#8221; header_line_height=&#8221;1.4em&#8221; link_option_url=&#8221;https:\/\/semineevistea.ro\/index.php\/lucrari-din-piatra\/zona-de-gratar-bucatarii-de-vara\/&#8221; locked=&#8221;off&#8221; global_colors_info=&#8221;{}&#8221;][\/et_pb_blurb][\/et_pb_column][et_pb_column type=&#8221;1_3&#8243; _builder_version=&#8221;4.14.5&#8243; _module_preset=&#8221;default&#8221; global_colors_info=&#8221;{}&#8221;][et_pb_blurb title=&#8221;St\u00e2lpi ornamentali&#8221; url=&#8221;https:\/\/semineevistea.ro\/index.php\/lucrari-din-piatra\/stalpi-ornamentali\/&#8221; image=&#8221;https:\/\/semineevistea.ro\/wp-content\/uploads\/2010\/09\/2576232_1281877470.jpg&#8221; module_class=&#8221;et_pb_blurb_cat&#8221; _builder_version=&#8221;4.14.5&#8243; _module_preset=&#8221;default&#8221; header_text_align=&#8221;center&#8221; header_line_height=&#8221;1.4em&#8221; link_option_url=&#8221;https:\/\/semineevistea.ro\/index.php\/lucrari-din-piatra\/stalpi-ornamentali\/&#8221; hover_enabled=&#8221;0&#8243; locked=&#8221;off&#8221; global_colors_info=&#8221;{}&#8221; title_text=&#8221;2576232_1281877470&#8243; image_icon_width=&#8221;75%&#8221; sticky_enabled=&#8221;0&#8243; box_shadow_style=&#8221;preset1&#8243; box_shadow_vertical=&#8221;0px&#8221; box_shadow_blur=&#8221;1px&#8221; box_shadow_spread=&#8221;1px&#8221;][\/et_pb_blurb][\/et_pb_column][et_pb_column type=&#8221;1_3&#8243; _builder_version=&#8221;4.14.5&#8243; _module_preset=&#8221;default&#8221; global_colors_info=&#8221;{}&#8221;][et_pb_blurb title=&#8221;Sculpturi \/ Statui&#8221; url=&#8221;https:\/\/semineevistea.ro\/index.php\/lucrari-din-piatra\/sculpturi-statui\/&#8221; image=&#8221;https:\/\/semineevistea.ro\/wp-content\/uploads\/2022\/01\/leu.jpg&#8221; module_class=&#8221;et_pb_blurb_cat&#8221; _builder_version=&#8221;4.14.5&#8243; _module_preset=&#8221;default&#8221; header_text_align=&#8221;center&#8221; header_line_height=&#8221;1.4em&#8221; link_option_url=&#8221;https:\/\/semineevistea.ro\/index.php\/lucrari-din-piatra\/sculpturi-statui\/&#8221; border_width_all_image=&#8221;1px&#8221; border_color_all_image=&#8221;#bfbfbf&#8221; locked=&#8221;off&#8221; global_colors_info=&#8221;{}&#8221;][\/et_pb_blurb][\/et_pb_column][\/et_pb_row][et_pb_row column_structure=&#8221;1_3,1_3,1_3&#8243; _builder_version=&#8221;4.14.5&#8243; _module_preset=&#8221;default&#8221; global_colors_info=&#8221;{}&#8221;][et_pb_column type=&#8221;1_3&#8243; _builder_version=&#8221;4.14.5&#8243; _module_preset=&#8221;default&#8221; global_colors_info=&#8221;{}&#8221;][et_pb_blurb title=&#8221;Plac\u0103ri&#8221; url=&#8221;https:\/\/semineevistea.ro\/index.php\/lucrari-din-piatra\/placari\/&#8221; image=&#8221;https:\/\/semineevistea.ro\/wp-content\/uploads\/2022\/01\/placari.jpg&#8221; module_class=&#8221;et_pb_blurb_cat&#8221; _builder_version=&#8221;4.14.5&#8243; _module_preset=&#8221;default&#8221; header_text_align=&#8221;center&#8221; header_line_height=&#8221;1.4em&#8221; link_option_url=&#8221;https:\/\/semineevistea.ro\/index.php\/lucrari-din-piatra\/placari\/&#8221; border_width_all_image=&#8221;1px&#8221; border_color_all_image=&#8221;#c1c1c1&#8243; locked=&#8221;off&#8221; global_colors_info=&#8221;{}&#8221;][\/et_pb_blurb][\/et_pb_column][et_pb_column type=&#8221;1_3&#8243; _builder_version=&#8221;4.14.5&#8243; _module_preset=&#8221;default&#8221; global_colors_info=&#8221;{}&#8221;][et_pb_blurb title=&#8221;Monograme&#8221; url=&#8221;https:\/\/semineevistea.ro\/index.php\/lucrari-din-piatra\/monograme\/&#8221; image=&#8221;https:\/\/semineevistea.ro\/wp-content\/uploads\/2022\/01\/dsd.jpg&#8221; module_class=&#8221;et_pb_blurb_cat&#8221; _builder_version=&#8221;4.14.5&#8243; _module_preset=&#8221;default&#8221; header_text_align=&#8221;center&#8221; header_line_height=&#8221;1.4em&#8221; link_option_url=&#8221;https:\/\/semineevistea.ro\/index.php\/lucrari-din-piatra\/monograme\/&#8221; border_width_all_image=&#8221;1px&#8221; border_color_all_image=&#8221;#c1c1c1&#8243; locked=&#8221;off&#8221; global_colors_info=&#8221;{}&#8221;][\/et_pb_blurb][\/et_pb_column][et_pb_column type=&#8221;1_3&#8243; _builder_version=&#8221;4.14.5&#8243; _module_preset=&#8221;default&#8221; global_colors_info=&#8221;{}&#8221;][et_pb_blurb title=&#8221;Elemente decorative&#8221; url=&#8221;https:\/\/semineevistea.ro\/index.php\/lucrari-din-piatra\/elemente-decorative\/&#8221; image=&#8221;https:\/\/semineevistea.ro\/wp-content\/uploads\/2022\/01\/Fotografie1308.jpg&#8221; module_class=&#8221;et_pb_blurb_cat&#8221; _builder_version=&#8221;4.14.5&#8243; _module_preset=&#8221;default&#8221; header_text_align=&#8221;center&#8221; header_line_height=&#8221;1.4em&#8221; link_option_url=&#8221;https:\/\/semineevistea.ro\/index.php\/lucrari-din-piatra\/elemente-decorative\/&#8221; hover_enabled=&#8221;0&#8243; border_width_all_image=&#8221;1px&#8221; border_color_all_image=&#8221;#c9c9c9&#8243; locked=&#8221;off&#8221; global_colors_info=&#8221;{}&#8221; title_text=&#8221;Fotografie1308&#8243; image_icon_width=&#8221;57%&#8221; box_shadow_style=&#8221;preset1&#8243; box_shadow_vertical=&#8221;0px&#8221; box_shadow_blur=&#8221;2px&#8221; box_shadow_spread=&#8221;1px&#8221; sticky_enabled=&#8221;0&#8243;][\/et_pb_blurb][\/et_pb_column][\/et_pb_row][et_pb_row column_structure=&#8221;1_3,1_3,1_3&#8243; _builder_version=&#8221;4.14.5&#8243; _module_preset=&#8221;default&#8221; global_colors_info=&#8221;{}&#8221;][et_pb_column type=&#8221;1_3&#8243; _builder_version=&#8221;4.14.5&#8243; _module_preset=&#8221;default&#8221; global_colors_info=&#8221;{}&#8221;][et_pb_blurb title=&#8221;Co\u0219uri de fum&#8221; url=&#8221;https:\/\/semineevistea.ro\/index.php\/lucrari-din-piatra\/cosuri-de-fum\/&#8221; image=&#8221;https:\/\/semineevistea.ro\/wp-content\/uploads\/2022\/01\/sdkjfhkjasdhf.jpg&#8221; module_class=&#8221;et_pb_blurb_cat&#8221; _builder_version=&#8221;4.14.5&#8243; _module_preset=&#8221;default&#8221; header_text_align=&#8221;center&#8221; header_line_height=&#8221;1.4em&#8221; link_option_url=&#8221;https:\/\/semineevistea.ro\/index.php\/lucrari-din-piatra\/cosuri-de-fum\/&#8221; hover_enabled=&#8221;0&#8243; border_width_all_image=&#8221;1px&#8221; border_color_all_image=&#8221;#cccccc&#8221; locked=&#8221;off&#8221; global_colors_info=&#8221;{}&#8221; title_text=&#8221;sdkjfhkjasdhf&#8221; image_icon_width=&#8221;75%&#8221; box_shadow_style=&#8221;preset1&#8243; box_shadow_vertical=&#8221;0px&#8221; box_shadow_blur=&#8221;2px&#8221; box_shadow_spread=&#8221;1px&#8221; sticky_enabled=&#8221;0&#8243;][\/et_pb_blurb][\/et_pb_column][et_pb_column type=&#8221;1_3&#8243; _builder_version=&#8221;4.14.5&#8243; _module_preset=&#8221;default&#8221; global_colors_info=&#8221;{}&#8221;][et_pb_blurb title=&#8221;Amenaj\u0103ri exterioare&#8221; url=&#8221;https:\/\/semineevistea.ro\/index.php\/lucrari-din-piatra\/amenajari-exterioare\/&#8221; image=&#8221;https:\/\/semineevistea.ro\/wp-content\/uploads\/2022\/01\/lepcso.jpg&#8221; module_class=&#8221;et_pb_blurb_cat&#8221; _builder_version=&#8221;4.14.5&#8243; _module_preset=&#8221;default&#8221; header_text_align=&#8221;center&#8221; header_line_height=&#8221;1.4em&#8221; link_option_url=&#8221;https:\/\/semineevistea.ro\/index.php\/lucrari-din-piatra\/amenajari-exterioare\/&#8221; border_width_all_image=&#8221;1px&#8221; border_color_all_image=&#8221;#c1c1c1&#8243; locked=&#8221;off&#8221; global_colors_info=&#8221;{}&#8221;][\/et_pb_blurb][\/et_pb_column][et_pb_column type=&#8221;1_3&#8243; _builder_version=&#8221;4.14.5&#8243; _module_preset=&#8221;default&#8221; global_colors_info=&#8221;{}&#8221;][\/et_pb_column][\/et_pb_row][\/et_pb_section]<\/p>\n","protected":false},"excerpt":{"rendered":"<p>Lucr\u0103ri din piatr\u0103<\/p>\n","protected":false},"author":3,"featured_media":0,"parent":0,"menu_order":0,"comment_status":"closed","ping_status":"closed","template":"","meta":{"_et_pb_use_builder":"on","_et_pb_old_content":"<!-- wp:divi\/placeholder \/-->","_et_gb_content_width":"","_mi_skip_tracking":false,"_monsterinsights_sitenote_active":false,"_monsterinsights_sitenote_note":"","_monsterinsights_sitenote_category":0,"footnotes":""},"class_list":["post-13","page","type-page","status-publish","hentry"],"yoast_head":"<!-- This site is optimized with the Yoast SEO plugin v18.7 - https:\/\/yoast.com\/wordpress\/plugins\/seo\/ -->\n<title>Lucr\u0103ri din piatr\u0103 - Semineevistea<\/title>\n<meta name=\"robots\" content=\"index, follow, max-snippet:-1, max-image-preview:large, max-video-preview:-1\" \/>\n<link rel=\"canonical\" href=\"https:\/\/semineevistea.ro\/index.php\/lucrari-din-piatra\/\" \/>\n<meta property=\"og:locale\" content=\"ro_RO\" \/>\n<meta property=\"og:type\" content=\"article\" \/>\n<meta property=\"og:title\" content=\"Lucr\u0103ri din piatr\u0103 - Semineevistea\" \/>\n<meta property=\"og:description\" content=\"Lucr\u0103ri din piatr\u0103\" \/>\n<meta property=\"og:url\" content=\"https:\/\/semineevistea.ro\/index.php\/lucrari-din-piatra\/\" \/>\n<meta property=\"og:site_name\" content=\"Semineevistea\" \/>\n<meta property=\"article:modified_time\" content=\"2022-02-28T10:52:00+00:00\" \/>\n<meta name=\"twitter:card\" content=\"summary_large_image\" \/>\n<script type=\"application\/ld+json\" class=\"yoast-schema-graph\">{\"@context\":\"https:\/\/schema.org\",\"@graph\":[{\"@type\":\"Organization\",\"@id\":\"https:\/\/semineevistea.ro\/#organization\",\"name\":\"Seminee Vistea\",\"url\":\"https:\/\/semineevistea.ro\/\",\"sameAs\":[],\"logo\":{\"@type\":\"ImageObject\",\"inLanguage\":\"ro-RO\",\"@id\":\"https:\/\/semineevistea.ro\/#\/schema\/logo\/image\/\",\"url\":\"https:\/\/semineevistea.ro\/wp-content\/uploads\/2022\/01\/Seminee-black.png\",\"contentUrl\":\"https:\/\/semineevistea.ro\/wp-content\/uploads\/2022\/01\/Seminee-black.png\",\"width\":1258,\"height\":487,\"caption\":\"Seminee Vistea\"},\"image\":{\"@id\":\"https:\/\/semineevistea.ro\/#\/schema\/logo\/image\/\"}},{\"@type\":\"WebSite\",\"@id\":\"https:\/\/semineevistea.ro\/#website\",\"url\":\"https:\/\/semineevistea.ro\/\",\"name\":\"Semineevistea\",\"description\":\"\",\"publisher\":{\"@id\":\"https:\/\/semineevistea.ro\/#organization\"},\"potentialAction\":[{\"@type\":\"SearchAction\",\"target\":{\"@type\":\"EntryPoint\",\"urlTemplate\":\"https:\/\/semineevistea.ro\/?s={search_term_string}\"},\"query-input\":\"required name=search_term_string\"}],\"inLanguage\":\"ro-RO\"},{\"@type\":\"WebPage\",\"@id\":\"https:\/\/semineevistea.ro\/index.php\/lucrari-din-piatra\/#webpage\",\"url\":\"https:\/\/semineevistea.ro\/index.php\/lucrari-din-piatra\/\",\"name\":\"Lucr\u0103ri din piatr\u0103 - Semineevistea\",\"isPartOf\":{\"@id\":\"https:\/\/semineevistea.ro\/#website\"},\"datePublished\":\"2022-01-11T20:01:57+00:00\",\"dateModified\":\"2022-02-28T10:52:00+00:00\",\"breadcrumb\":{\"@id\":\"https:\/\/semineevistea.ro\/index.php\/lucrari-din-piatra\/#breadcrumb\"},\"inLanguage\":\"ro-RO\",\"potentialAction\":[{\"@type\":\"ReadAction\",\"target\":[\"https:\/\/semineevistea.ro\/index.php\/lucrari-din-piatra\/\"]}]},{\"@type\":\"BreadcrumbList\",\"@id\":\"https:\/\/semineevistea.ro\/index.php\/lucrari-din-piatra\/#breadcrumb\",\"itemListElement\":[{\"@type\":\"ListItem\",\"position\":1,\"name\":\"Prima pagin\u0103\",\"item\":\"https:\/\/semineevistea.ro\/\"},{\"@type\":\"ListItem\",\"position\":2,\"name\":\"Lucr\u0103ri din piatr\u0103\"}]}]}<\/script>\n<!-- \/ Yoast SEO plugin. -->","yoast_head_json":{"title":"Lucr\u0103ri din piatr\u0103 - Semineevistea","robots":{"index":"index","follow":"follow","max-snippet":"max-snippet:-1","max-image-preview":"max-image-preview:large","max-video-preview":"max-video-preview:-1"},"canonical":"https:\/\/semineevistea.ro\/index.php\/lucrari-din-piatra\/","og_locale":"ro_RO","og_type":"article","og_title":"Lucr\u0103ri din piatr\u0103 - Semineevistea","og_description":"Lucr\u0103ri din piatr\u0103","og_url":"https:\/\/semineevistea.ro\/index.php\/lucrari-din-piatra\/","og_site_name":"Semineevistea","article_modified_time":"2022-02-28T10:52:00+00:00","twitter_card":"summary_large_image","schema":{"@context":"https:\/\/schema.org","@graph":[{"@type":"Organization","@id":"https:\/\/semineevistea.ro\/#organization","name":"Seminee Vistea","url":"https:\/\/semineevistea.ro\/","sameAs":[],"logo":{"@type":"ImageObject","inLanguage":"ro-RO","@id":"https:\/\/semineevistea.ro\/#\/schema\/logo\/image\/","url":"https:\/\/semineevistea.ro\/wp-content\/uploads\/2022\/01\/Seminee-black.png","contentUrl":"https:\/\/semineevistea.ro\/wp-content\/uploads\/2022\/01\/Seminee-black.png","width":1258,"height":487,"caption":"Seminee Vistea"},"image":{"@id":"https:\/\/semineevistea.ro\/#\/schema\/logo\/image\/"}},{"@type":"WebSite","@id":"https:\/\/semineevistea.ro\/#website","url":"https:\/\/semineevistea.ro\/","name":"Semineevistea","description":"","publisher":{"@id":"https:\/\/semineevistea.ro\/#organization"},"potentialAction":[{"@type":"SearchAction","target":{"@type":"EntryPoint","urlTemplate":"https:\/\/semineevistea.ro\/?s={search_term_string}"},"query-input":"required name=search_term_string"}],"inLanguage":"ro-RO"},{"@type":"WebPage","@id":"https:\/\/semineevistea.ro\/index.php\/lucrari-din-piatra\/#webpage","url":"https:\/\/semineevistea.ro\/index.php\/lucrari-din-piatra\/","name":"Lucr\u0103ri din piatr\u0103 - Semineevistea","isPartOf":{"@id":"https:\/\/semineevistea.ro\/#website"},"datePublished":"2022-01-11T20:01:57+00:00","dateModified":"2022-02-28T10:52:00+00:00","breadcrumb":{"@id":"https:\/\/semineevistea.ro\/index.php\/lucrari-din-piatra\/#breadcrumb"},"inLanguage":"ro-RO","potentialAction":[{"@type":"ReadAction","target":["https:\/\/semineevistea.ro\/index.php\/lucrari-din-piatra\/"]}]},{"@type":"BreadcrumbList","@id":"https:\/\/semineevistea.ro\/index.php\/lucrari-din-piatra\/#breadcrumb","itemListElement":[{"@type":"ListItem","position":1,"name":"Prima pagin\u0103","item":"https:\/\/semineevistea.ro\/"},{"@type":"ListItem","position":2,"name":"Lucr\u0103ri din piatr\u0103"}]}]}},"_links":{"self":[{"href":"https:\/\/semineevistea.ro\/index.php\/wp-json\/wp\/v2\/pages\/13","targetHints":{"allow":["GET"]}}],"collection":[{"href":"https:\/\/semineevistea.ro\/index.php\/wp-json\/wp\/v2\/pages"}],"about":[{"href":"https:\/\/semineevistea.ro\/index.php\/wp-json\/wp\/v2\/types\/page"}],"author":[{"embeddable":true,"href":"https:\/\/semineevistea.ro\/index.php\/wp-json\/wp\/v2\/users\/3"}],"replies":[{"embeddable":true,"href":"https:\/\/semineevistea.ro\/index.php\/wp-json\/wp\/v2\/comments?post=13"}],"version-history":[{"count":19,"href":"https:\/\/semineevistea.ro\/index.php\/wp-json\/wp\/v2\/pages\/13\/revisions"}],"predecessor-version":[{"id":4577,"href":"https:\/\/semineevistea.ro\/index.php\/wp-json\/wp\/v2\/pages\/13\/revisions\/4577"}],"wp:attachment":[{"href":"https:\/\/semineevistea.ro\/index.php\/wp-json\/wp\/v2\/media?parent=13"}],"curies":[{"name":"wp","href":"https:\/\/api.w.org\/{rel}","templated":true}]}}