{"id":17,"date":"2022-01-11T20:02:40","date_gmt":"2022-01-11T20:02:40","guid":{"rendered":"http:\/\/hostingwp2033406.online.pro\/dummy\/semineevestea\/?page_id=17"},"modified":"2022-03-21T19:06:59","modified_gmt":"2022-03-21T19:06:59","slug":"despre-noi","status":"publish","type":"page","link":"https:\/\/semineevistea.ro\/index.php\/despre-noi\/","title":{"rendered":"Despre noi"},"content":{"rendered":"<p>[et_pb_section fb_built=&#8221;1&#8243; _builder_version=&#8221;4.14.5&#8243; _module_preset=&#8221;default&#8221; use_background_color_gradient=&#8221;on&#8221; background_color_gradient_start=&#8221;rgba(0,0,0,0.2)&#8221; background_color_gradient_end=&#8221;rgba(0,0,0,0.3)&#8221; background_color_gradient_overlays_image=&#8221;on&#8221; background_image=&#8221;https:\/\/semineevistea.ro\/wp-content\/uploads\/2022\/01\/pexels-karolina-grabowska-4705853-1.jpg&#8221; positioning=&#8221;absolute&#8221; min_height=&#8221;379px&#8221; custom_margin=&#8221;-140px||-20px||false|false&#8221; custom_margin_tablet=&#8221;-160px||||false|false&#8221; custom_margin_phone=&#8221;-180px||-20px||false|false&#8221; custom_margin_last_edited=&#8221;on|phone&#8221; locked=&#8221;off&#8221; global_colors_info=&#8221;{}&#8221;][\/et_pb_section][et_pb_section fb_built=&#8221;1&#8243; _builder_version=&#8221;4.14.5&#8243; _module_preset=&#8221;default&#8221; background_color=&#8221;RGBA(255,255,255,0)&#8221; global_colors_info=&#8221;{}&#8221;][et_pb_row _builder_version=&#8221;4.14.5&#8243; _module_preset=&#8221;default&#8221; global_colors_info=&#8221;{}&#8221;][et_pb_column type=&#8221;4_4&#8243; _builder_version=&#8221;4.14.5&#8243; _module_preset=&#8221;default&#8221; global_colors_info=&#8221;{}&#8221;][et_pb_text _builder_version=&#8221;4.14.5&#8243; _module_preset=&#8221;default&#8221; text_font=&#8221;|700|||||||&#8221; text_text_color=&#8221;#FFFFFF&#8221; text_font_size=&#8221;25px&#8221; text_line_height=&#8221;1.8em&#8221; text_orientation=&#8221;center&#8221; header_font_size_tablet=&#8221;25px&#8221; header_font_size_phone=&#8221;20px&#8221; header_font_size_last_edited=&#8221;on|phone&#8221; header_line_height_tablet=&#8221;1.4em&#8221; header_line_height_phone=&#8221;1.4em&#8221; header_line_height_last_edited=&#8221;on|phone&#8221; text_text_shadow_style=&#8221;preset1&#8243; global_colors_info=&#8221;{}&#8221;]<\/p>\n<h1><strong><span style=\"color: #ffffff;\">LUCR\u0102M DOAR CU PIATR\u0102 \u0218I ROCI NATURALE.<\/span><\/strong><\/h1>\n<p>[\/et_pb_text][\/et_pb_column][\/et_pb_row][\/et_pb_section][et_pb_section fb_built=&#8221;1&#8243; custom_padding_last_edited=&#8221;on|phone&#8221; _builder_version=&#8221;4.14.5&#8243; _module_preset=&#8221;default&#8221; custom_margin_tablet=&#8221;&#8221; custom_margin_phone=&#8221;0px||||false|false&#8221; custom_margin_last_edited=&#8221;on|desktop&#8221; custom_padding=&#8221;49px||||false|false&#8221; custom_padding_tablet=&#8221;31px||||false|false&#8221; custom_padding_phone=&#8221;31px||10px||false|false&#8221; global_colors_info=&#8221;{}&#8221;][et_pb_row _builder_version=&#8221;4.14.5&#8243; _module_preset=&#8221;default&#8221; custom_margin_tablet=&#8221;&#8221; custom_margin_phone=&#8221;||40px||false|false&#8221; custom_margin_last_edited=&#8221;on|phone&#8221; global_colors_info=&#8221;{}&#8221;][et_pb_column type=&#8221;4_4&#8243; _builder_version=&#8221;4.14.5&#8243; _module_preset=&#8221;default&#8221; global_colors_info=&#8221;{}&#8221;][et_pb_text _builder_version=&#8221;4.14.5&#8243; _module_preset=&#8221;default&#8221; header_4_line_height=&#8221;1.4em&#8221; header_4_font_size_tablet=&#8221;16px&#8221; header_4_font_size_phone=&#8221;14px&#8221; header_4_font_size_last_edited=&#8221;on|phone&#8221; global_colors_info=&#8221;{}&#8221;]<\/p>\n<h4>De la piatr\u0103 brut\u0103, pe care o alegem cu cea mai mare aten\u021bie,\u00a0 p\u00e2n\u0103 la produsul finit, ne place s\u0103 lucr\u0103m cu aten\u021bie la detalii! Lucr\u0103m cu talent, din placere. Doar astfel, fiecare lucrare a noastr\u0103 este \u00eenzestrat\u0103 cu unicitate, inedit, personalitate.<\/h4>\n<h4>Fiecare client mul\u021bumit este pentru noi un pas \u00eenainte. Ne cre\u0219te dorin\u021ba de a lucra mai mult, cu mai mult\u0103 pasiune \u0219i d\u0103ruire!<\/h4>\n<h4>Lucr\u0103rile noastre reprezint\u0103 personalitatea fiec\u0103rui client, deoarece \u021binem cont de dorin\u021bele fiec\u0103ruia!<br \/>Ne bucur\u0103 s\u0103 vedem c\u0103 \u0219i al\u021bii se bucur\u0103 de munca noastr\u0103!<\/h4>\n<h4>Visul nostru este s\u0103 ajungem \u00een casa c\u00e2t mai multor oameni pentru a le d\u0103rui\u00a0 confort, c\u0103ldur\u0103, rezisten\u021b\u0103 \u00een timp prin lucr\u0103ri de calitate.<\/h4>\n<p>[\/et_pb_text][\/et_pb_column][\/et_pb_row][\/et_pb_section][et_pb_section fb_built=&#8221;1&#8243; _builder_version=&#8221;4.14.5&#8243; _module_preset=&#8221;default&#8221; custom_margin_tablet=&#8221;||||false|false&#8221; custom_margin_phone=&#8221;||||false|false&#8221; custom_margin_last_edited=&#8221;on|phone&#8221; custom_padding=&#8221;0px||||false|false&#8221; global_colors_info=&#8221;{}&#8221;][et_pb_row _builder_version=&#8221;4.14.5&#8243; _module_preset=&#8221;default&#8221; custom_padding=&#8221;0px||0px||true|false&#8221; global_colors_info=&#8221;{}&#8221;][et_pb_column type=&#8221;4_4&#8243; _builder_version=&#8221;4.14.5&#8243; _module_preset=&#8221;default&#8221; global_colors_info=&#8221;{}&#8221;][et_pb_text _builder_version=&#8221;4.14.5&#8243; _module_preset=&#8221;default&#8221; header_4_line_height=&#8221;1.4em&#8221; custom_margin=&#8221;||5px||false|false&#8221; custom_padding=&#8221;||||false|false&#8221; header_4_font_size_tablet=&#8221;16px&#8221; header_4_font_size_phone=&#8221;14px&#8221; header_4_font_size_last_edited=&#8221;on|phone&#8221; global_colors_info=&#8221;{}&#8221;]<\/p>\n<h4><strong><span>Imaginile vorbesc de la sine: calitatea materialelor folosite, detaliile fac diferen\u021ba:<\/span><\/strong><\/h4>\n<p>[\/et_pb_text][et_pb_divider color=&#8221;#c0a188&#8243; divider_weight=&#8221;3px&#8221; _builder_version=&#8221;4.14.5&#8243; _module_preset=&#8221;default&#8221; width=&#8221;10%&#8221; width_tablet=&#8221;10%&#8221; width_phone=&#8221;20%&#8221; width_last_edited=&#8221;on|phone&#8221; custom_margin_tablet=&#8221;||20px||false|false&#8221; custom_margin_phone=&#8221;||20px||false|false&#8221; custom_margin_last_edited=&#8221;on|desktop&#8221; global_colors_info=&#8221;{}&#8221;][\/et_pb_divider][\/et_pb_column][\/et_pb_row][et_pb_row _builder_version=&#8221;4.14.5&#8243; _module_preset=&#8221;default&#8221; global_colors_info=&#8221;{}&#8221;][et_pb_column type=&#8221;4_4&#8243; _builder_version=&#8221;4.14.5&#8243; _module_preset=&#8221;default&#8221; global_colors_info=&#8221;{}&#8221;][et_pb_gallery gallery_ids=&#8221;3559,3558,4712,4685&#8243; show_title_and_caption=&#8221;off&#8221; show_pagination=&#8221;off&#8221; zoom_icon_color=&#8221;rgba(255,255,255,0.4)&#8221; hover_overlay_color=&#8221;rgba(81,81,81,0.4)&#8221; hover_icon=&#8221;&#x57;||divi||400&#8243; _builder_version=&#8221;4.14.5&#8243; _module_preset=&#8221;default&#8221; custom_margin=&#8221;||||false|false&#8221; custom_padding=&#8221;||||false|false&#8221; hover_enabled=&#8221;0&#8243; global_colors_info=&#8221;{}&#8221; sticky_enabled=&#8221;0&#8243;][\/et_pb_gallery][\/et_pb_column][\/et_pb_row][\/et_pb_section]<\/p>\n","protected":false},"excerpt":{"rendered":"<p>LUCR\u0102M DOAR CU PIATR\u0102 \u0218I ROCI NATURALE.De la piatr\u0103 brut\u0103, pe care o alegem cu cea mai mare aten\u021bie,\u00a0 p\u00e2n\u0103 la produsul finit, ne place s\u0103 lucr\u0103m cu aten\u021bie la detalii! Lucr\u0103m cu talent, din placere. Doar astfel, fiecare lucrare a noastr\u0103 este \u00eenzestrat\u0103 cu unicitate, inedit, personalitate. Fiecare client mul\u021bumit este pentru noi un [&hellip;]<\/p>\n","protected":false},"author":3,"featured_media":0,"parent":0,"menu_order":0,"comment_status":"closed","ping_status":"closed","template":"","meta":{"_et_pb_use_builder":"on","_et_pb_old_content":"","_et_gb_content_width":"","_mi_skip_tracking":false,"_monsterinsights_sitenote_active":false,"_monsterinsights_sitenote_note":"","_monsterinsights_sitenote_category":0,"footnotes":""},"class_list":["post-17","page","type-page","status-publish","hentry"],"yoast_head":"<!-- This site is optimized with the Yoast SEO plugin v18.7 - https:\/\/yoast.com\/wordpress\/plugins\/seo\/ -->\n<title>Despre noi - Semineevistea<\/title>\n<meta name=\"robots\" content=\"index, follow, max-snippet:-1, max-image-preview:large, max-video-preview:-1\" \/>\n<link rel=\"canonical\" href=\"https:\/\/semineevistea.ro\/index.php\/despre-noi\/\" \/>\n<meta property=\"og:locale\" content=\"ro_RO\" \/>\n<meta property=\"og:type\" content=\"article\" \/>\n<meta property=\"og:title\" content=\"Despre noi - Semineevistea\" \/>\n<meta property=\"og:description\" content=\"LUCR\u0102M DOAR CU PIATR\u0102 \u0218I ROCI NATURALE.De la piatr\u0103 brut\u0103, pe care o alegem cu cea mai mare aten\u021bie,\u00a0 p\u00e2n\u0103 la produsul finit, ne place s\u0103 lucr\u0103m cu aten\u021bie la detalii! Lucr\u0103m cu talent, din placere. Doar astfel, fiecare lucrare a noastr\u0103 este \u00eenzestrat\u0103 cu unicitate, inedit, personalitate. Fiecare client mul\u021bumit este pentru noi un [&hellip;]\" \/>\n<meta property=\"og:url\" content=\"https:\/\/semineevistea.ro\/index.php\/despre-noi\/\" \/>\n<meta property=\"og:site_name\" content=\"Semineevistea\" \/>\n<meta property=\"article:modified_time\" content=\"2022-03-21T19:06:59+00:00\" \/>\n<meta name=\"twitter:card\" content=\"summary_large_image\" \/>\n<script type=\"application\/ld+json\" class=\"yoast-schema-graph\">{\"@context\":\"https:\/\/schema.org\",\"@graph\":[{\"@type\":\"Organization\",\"@id\":\"https:\/\/semineevistea.ro\/#organization\",\"name\":\"Seminee Vistea\",\"url\":\"https:\/\/semineevistea.ro\/\",\"sameAs\":[],\"logo\":{\"@type\":\"ImageObject\",\"inLanguage\":\"ro-RO\",\"@id\":\"https:\/\/semineevistea.ro\/#\/schema\/logo\/image\/\",\"url\":\"https:\/\/semineevistea.ro\/wp-content\/uploads\/2022\/01\/Seminee-black.png\",\"contentUrl\":\"https:\/\/semineevistea.ro\/wp-content\/uploads\/2022\/01\/Seminee-black.png\",\"width\":1258,\"height\":487,\"caption\":\"Seminee Vistea\"},\"image\":{\"@id\":\"https:\/\/semineevistea.ro\/#\/schema\/logo\/image\/\"}},{\"@type\":\"WebSite\",\"@id\":\"https:\/\/semineevistea.ro\/#website\",\"url\":\"https:\/\/semineevistea.ro\/\",\"name\":\"Semineevistea\",\"description\":\"\",\"publisher\":{\"@id\":\"https:\/\/semineevistea.ro\/#organization\"},\"potentialAction\":[{\"@type\":\"SearchAction\",\"target\":{\"@type\":\"EntryPoint\",\"urlTemplate\":\"https:\/\/semineevistea.ro\/?s={search_term_string}\"},\"query-input\":\"required name=search_term_string\"}],\"inLanguage\":\"ro-RO\"},{\"@type\":\"WebPage\",\"@id\":\"https:\/\/semineevistea.ro\/index.php\/despre-noi\/#webpage\",\"url\":\"https:\/\/semineevistea.ro\/index.php\/despre-noi\/\",\"name\":\"Despre noi - Semineevistea\",\"isPartOf\":{\"@id\":\"https:\/\/semineevistea.ro\/#website\"},\"datePublished\":\"2022-01-11T20:02:40+00:00\",\"dateModified\":\"2022-03-21T19:06:59+00:00\",\"breadcrumb\":{\"@id\":\"https:\/\/semineevistea.ro\/index.php\/despre-noi\/#breadcrumb\"},\"inLanguage\":\"ro-RO\",\"potentialAction\":[{\"@type\":\"ReadAction\",\"target\":[\"https:\/\/semineevistea.ro\/index.php\/despre-noi\/\"]}]},{\"@type\":\"BreadcrumbList\",\"@id\":\"https:\/\/semineevistea.ro\/index.php\/despre-noi\/#breadcrumb\",\"itemListElement\":[{\"@type\":\"ListItem\",\"position\":1,\"name\":\"Prima pagin\u0103\",\"item\":\"https:\/\/semineevistea.ro\/\"},{\"@type\":\"ListItem\",\"position\":2,\"name\":\"Despre noi\"}]}]}<\/script>\n<!-- \/ Yoast SEO plugin. -->","yoast_head_json":{"title":"Despre noi - Semineevistea","robots":{"index":"index","follow":"follow","max-snippet":"max-snippet:-1","max-image-preview":"max-image-preview:large","max-video-preview":"max-video-preview:-1"},"canonical":"https:\/\/semineevistea.ro\/index.php\/despre-noi\/","og_locale":"ro_RO","og_type":"article","og_title":"Despre noi - Semineevistea","og_description":"LUCR\u0102M DOAR CU PIATR\u0102 \u0218I ROCI NATURALE.De la piatr\u0103 brut\u0103, pe care o alegem cu cea mai mare aten\u021bie,\u00a0 p\u00e2n\u0103 la produsul finit, ne place s\u0103 lucr\u0103m cu aten\u021bie la detalii! Lucr\u0103m cu talent, din placere. Doar astfel, fiecare lucrare a noastr\u0103 este \u00eenzestrat\u0103 cu unicitate, inedit, personalitate. Fiecare client mul\u021bumit este pentru noi un [&hellip;]","og_url":"https:\/\/semineevistea.ro\/index.php\/despre-noi\/","og_site_name":"Semineevistea","article_modified_time":"2022-03-21T19:06:59+00:00","twitter_card":"summary_large_image","schema":{"@context":"https:\/\/schema.org","@graph":[{"@type":"Organization","@id":"https:\/\/semineevistea.ro\/#organization","name":"Seminee Vistea","url":"https:\/\/semineevistea.ro\/","sameAs":[],"logo":{"@type":"ImageObject","inLanguage":"ro-RO","@id":"https:\/\/semineevistea.ro\/#\/schema\/logo\/image\/","url":"https:\/\/semineevistea.ro\/wp-content\/uploads\/2022\/01\/Seminee-black.png","contentUrl":"https:\/\/semineevistea.ro\/wp-content\/uploads\/2022\/01\/Seminee-black.png","width":1258,"height":487,"caption":"Seminee Vistea"},"image":{"@id":"https:\/\/semineevistea.ro\/#\/schema\/logo\/image\/"}},{"@type":"WebSite","@id":"https:\/\/semineevistea.ro\/#website","url":"https:\/\/semineevistea.ro\/","name":"Semineevistea","description":"","publisher":{"@id":"https:\/\/semineevistea.ro\/#organization"},"potentialAction":[{"@type":"SearchAction","target":{"@type":"EntryPoint","urlTemplate":"https:\/\/semineevistea.ro\/?s={search_term_string}"},"query-input":"required name=search_term_string"}],"inLanguage":"ro-RO"},{"@type":"WebPage","@id":"https:\/\/semineevistea.ro\/index.php\/despre-noi\/#webpage","url":"https:\/\/semineevistea.ro\/index.php\/despre-noi\/","name":"Despre noi - Semineevistea","isPartOf":{"@id":"https:\/\/semineevistea.ro\/#website"},"datePublished":"2022-01-11T20:02:40+00:00","dateModified":"2022-03-21T19:06:59+00:00","breadcrumb":{"@id":"https:\/\/semineevistea.ro\/index.php\/despre-noi\/#breadcrumb"},"inLanguage":"ro-RO","potentialAction":[{"@type":"ReadAction","target":["https:\/\/semineevistea.ro\/index.php\/despre-noi\/"]}]},{"@type":"BreadcrumbList","@id":"https:\/\/semineevistea.ro\/index.php\/despre-noi\/#breadcrumb","itemListElement":[{"@type":"ListItem","position":1,"name":"Prima pagin\u0103","item":"https:\/\/semineevistea.ro\/"},{"@type":"ListItem","position":2,"name":"Despre noi"}]}]}},"_links":{"self":[{"href":"https:\/\/semineevistea.ro\/index.php\/wp-json\/wp\/v2\/pages\/17","targetHints":{"allow":["GET"]}}],"collection":[{"href":"https:\/\/semineevistea.ro\/index.php\/wp-json\/wp\/v2\/pages"}],"about":[{"href":"https:\/\/semineevistea.ro\/index.php\/wp-json\/wp\/v2\/types\/page"}],"author":[{"embeddable":true,"href":"https:\/\/semineevistea.ro\/index.php\/wp-json\/wp\/v2\/users\/3"}],"replies":[{"embeddable":true,"href":"https:\/\/semineevistea.ro\/index.php\/wp-json\/wp\/v2\/comments?post=17"}],"version-history":[{"count":27,"href":"https:\/\/semineevistea.ro\/index.php\/wp-json\/wp\/v2\/pages\/17\/revisions"}],"predecessor-version":[{"id":4736,"href":"https:\/\/semineevistea.ro\/index.php\/wp-json\/wp\/v2\/pages\/17\/revisions\/4736"}],"wp:attachment":[{"href":"https:\/\/semineevistea.ro\/index.php\/wp-json\/wp\/v2\/media?parent=17"}],"curies":[{"name":"wp","href":"https:\/\/api.w.org\/{rel}","templated":true}]}}