{"id":3,"date":"2022-01-10T22:19:54","date_gmt":"2022-01-10T22:19:54","guid":{"rendered":"http:\/\/hostingwp2033406.online.pro\/dummy\/semineevestea\/?page_id=3"},"modified":"2022-02-03T12:48:36","modified_gmt":"2022-02-03T12:48:36","slug":"politica-de-confidentialitate","status":"publish","type":"page","link":"https:\/\/semineevistea.ro\/index.php\/politica-de-confidentialitate\/","title":{"rendered":"Politic\u0103 de confiden\u021bialitate"},"content":{"rendered":"<p>[et_pb_section fb_built=&#8221;1&#8243; _builder_version=&#8221;4.14.5&#8243; _module_preset=&#8221;default&#8221; locked=&#8221;off&#8221; global_colors_info=&#8221;{}&#8221;][et_pb_row _builder_version=&#8221;4.14.5&#8243; _module_preset=&#8221;default&#8221; global_colors_info=&#8221;{}&#8221;][et_pb_column type=&#8221;4_4&#8243; _builder_version=&#8221;4.14.5&#8243; _module_preset=&#8221;default&#8221; global_colors_info=&#8221;{}&#8221;][et_pb_text _builder_version=&#8221;4.14.5&#8243; _module_preset=&#8221;default&#8221; text_font=&#8221;|700|||||||&#8221; text_text_color=&#8221;#FFFFFF&#8221; text_font_size=&#8221;30px&#8221; text_text_shadow_style=&#8221;preset1&#8243; global_colors_info=&#8221;{}&#8221;]<\/p>\n<p style=\"text-align: center;\">Politic\u0103 de confiden\u021bialitate<\/p>\n<p>[\/et_pb_text][\/et_pb_column][\/et_pb_row][\/et_pb_section][et_pb_section fb_built=&#8221;1&#8243; _builder_version=&#8221;4.14.5&#8243; _module_preset=&#8221;default&#8221; use_background_color_gradient=&#8221;on&#8221; background_color_gradient_start=&#8221;rgba(0,0,0,0.2)&#8221; background_color_gradient_end=&#8221;rgba(0,0,0,0.3)&#8221; background_color_gradient_overlays_image=&#8221;on&#8221; background_image=&#8221;https:\/\/semineevistea.ro\/wp-content\/uploads\/2022\/01\/pexels-karolina-grabowska-4705853-1.jpg&#8221; positioning=&#8221;absolute&#8221; min_height=&#8221;379px&#8221; custom_margin=&#8221;-140px||-20px||false|false&#8221; custom_margin_tablet=&#8221;-160px||||false|false&#8221; custom_margin_phone=&#8221;-180px||-20px||false|false&#8221; custom_margin_last_edited=&#8221;on|phone&#8221; locked=&#8221;off&#8221; global_colors_info=&#8221;{}&#8221;][\/et_pb_section][et_pb_section fb_built=&#8221;1&#8243; admin_label=&#8221;section&#8221; _builder_version=&#8221;3.22&#8243; global_colors_info=&#8221;{}&#8221;][et_pb_row admin_label=&#8221;row&#8221; _builder_version=&#8221;3.25&#8243; background_size=&#8221;initial&#8221; background_position=&#8221;top_left&#8221; background_repeat=&#8221;repeat&#8221; global_colors_info=&#8221;{}&#8221;][et_pb_column type=&#8221;4_4&#8243; _builder_version=&#8221;3.25&#8243; custom_padding=&#8221;|||&#8221; global_colors_info=&#8221;{}&#8221; custom_padding__hover=&#8221;|||&#8221;][et_pb_text admin_label=&#8221;Text&#8221; _builder_version=&#8221;4.14.5&#8243; text_text_color=&#8221;#333333&#8243; text_font_size=&#8221;16px&#8221; text_line_height=&#8221;22px&#8221; header_2_font=&#8221;|700|||||||&#8221; header_2_text_color=&#8221;#333333&#8243; header_2_line_height=&#8221;1.8em&#8221; background_size=&#8221;initial&#8221; background_position=&#8221;top_left&#8221; background_repeat=&#8221;repeat&#8221; hover_enabled=&#8221;0&#8243; global_colors_info=&#8221;{}&#8221; sticky_enabled=&#8221;0&#8243;]<\/p>\n<p><!-- divi:heading --><\/p>\n<div class=\"col-lg-6 col-md-12 col-sm-12 col-xs-12 about-us-box\">\n<p>Protec\u021bia datelor dumneavoastr\u0103 personale este foarte important\u0103 pentru noi. Prin urmare, v\u0103 prelucr\u0103m datele exclusiv \u00een baza reglement\u0103rilor legale (RGPD). Prin aceste informa\u021bii privind protec\u021bia datelor, v\u0103 inform\u0103m despre cele mai importante aspecte ale prelucr\u0103rii datelor pe site-ul nostru.<\/p>\n<p>&nbsp;<\/p>\n<h3 class=\"page-sub-headline\">C\u00c2T TIMP SUNT STOCATE DATELE DUMNEAVOASTR\u0102?<\/h3>\n<p>&nbsp;<\/p>\n<p>Prelucrarea datelor are loc \u00een baza art. 6, alineat 1, lit. a (consim\u021b\u0103m\u00e2nt) \u0219i\/sau lit. f (interes legitim) al RGPD.<\/p>\n<p>Prelucr\u0103m datele dumneavoastr\u0103 cu caracter personal, \u00een m\u0103sura \u00een care este necesar, pe \u00eentreaga durat\u0103 a rela\u021biei de afaceri (de la ini\u021bierea, desf\u0103\u0219urarea p\u00e2n\u0103 la rezilierea unui contract), precum \u0219i \u00een conformitate cu obliga\u021biile legale de p\u0103strare \u0219i documentare.<\/p>\n<p>Datele cu caracter personal prelucrate sunt utilizate at\u00e2t \u00een scopuri statistice, c\u00e2t \u0219i \u00een scopul func\u021bion\u0103rii, securit\u0103\u021bii \u0219i optimiz\u0103rii site-ului web.<\/p>\n<p>Dac\u0103 \u00een timpul colect\u0103rii (de exemplu, \u00een cadrul unei declara\u021bii de consim\u021b\u0103m\u00e2nt) nu este specificat\u0103 o perioad\u0103 de stocare expres\u0103, datele dumneavoastr\u0103 cu caracter personal vor fi \u0219terse (respectiv anonimizate), \u00een m\u0103sura \u00een care acestea nu mai sunt necesare \u00een scopul stoc\u0103rii \u0219i nu exist\u0103 obliga\u021bii legale de p\u0103strare (de exemplu, obliga\u021bii de p\u0103strare comerciale sau fiscale). Datele nu vor fi transmise unor ter\u021be p\u0103r\u021bi, cu excep\u021bia transmiterii c\u0103tre societ\u0103\u021bile din cadrul grupului Forster, \u00een interiorul Uniunii Europene, \u00een scopul exclusiv al prelucr\u0103rii cererii dumneavoastr\u0103.<\/p>\n<p>&nbsp;<\/p>\n<h3 class=\"page-sub-headline\">Cookie-uri<\/h3>\n<p>&nbsp;<\/p>\n<p>Pe site-ul nostru, sunt folosite a\u015fa-numitele \u201ccookies\u201d pentru a facilita utilizarea de c\u0103tre dvs. a site-ului. Aici este vorba de fi\u0219iere text mici, care sunt stocate pe aparatul dumneavoastr\u0103 numai pe durata vizitei dvs. pe site-ul nostru \u0219i, \u00een func\u021bie de setarea programului browser-ul dumneavoastr\u0103, sunt \u015fterse din nou dup\u0103 \u00eenchiderea browser-ului. Cookie-urile nu fac nici un r\u0103u computerului dumneavoastr\u0103 \u0219i nu con\u021bin viru\u0219i. Majoritatea browser-elor sunt astfel setate, \u00eenc\u00e2t s\u0103 accepte cookie-uri \u00een mod automat. Pute\u021bi dezactiva totu\u015fi stocarea cookie-urilor sau s\u0103 seta\u0163i browser-ul dumneavoastr\u0103 astfel \u00eenc\u00e2t acesta s\u0103 v\u0103 aten\u0163ioneze asupra trimiterii de cookie-uri. \u00cen cazul dezactiv\u0103rii cookie-urilor, func\u021bionalitatea site-ului nostru web poate fi restric\u021bionat\u0103.<\/p>\n<p>Unele cookie-uri r\u0103m\u00e2n \u00een memoria echipamentului dumneavoastr\u0103 terminal p\u00e2n\u0103 c\u00e2nd le \u0219terge\u021bi. Ele ne permit s\u0103 recunoa\u0219tem browser-ul dumneavoastr\u0103 la urm\u0103toarea vizit\u0103. Dac\u0103 nu dori\u021bi acest lucru, v\u0103 pute\u021bi configura browser-ul astfel \u00eenc\u00e2t s\u0103 v\u0103 informeze despre folosirea cookie-urilor \u0219i s\u0103 permite\u021bi acest lucru numai \u00een cazuri individuale.<\/p>\n<p>&nbsp;<\/p>\n<h3 class=\"page-sub-headline\">Analiz\u0103 web<\/h3>\n<p>&nbsp;<\/p>\n<p>Acest site folose\u0219te Google Analytics, un serviciu de analiz\u0103 web de la Google Inc. ( \u201cGoogle\u201d) Google Analytics utilizeaz\u0103 a\u0219a-numitele \u201cCookies\u201d, fi\u0219iere text, care sunt stocate pe computerul dumneavoastr\u0103 \u015fi care fac posibil\u0103 analiza utiliz\u0103rii site-ului web. Informa\u021biile generate de cookie despre utilizarea acestui site web(inclusiv adresa dumneavoastr\u0103 IP) sunt transmise la un server Google \u00een SUA \u0219i sunt stocate acolo. Adresa dumneavoastr\u0103 IP este \u00eenregistrat\u0103, dar este scurtat\u0103 \u0219i devine imediat pseudonim. Drept urmare, este posibil\u0103 doar o localizare aproximativ\u0103. Google va utiliza aceste informa\u021bii pentru a evalua utilizarea de c\u0103tre dvs. a site-ului web, pentru a \u00eentocmi rapoarte despre activit\u0103\u0163ile site-ului web pentru operatorii de site-uri \u0219i s\u0103 fac\u0103 alte prest\u0103ri de servicii legate de utilizarea site-urilor web \u015fi a internetului. De asemenea, Google poate transfera aceste informa\u021bii c\u0103tre ter\u021bi, \u00een m\u0103sura \u00een care acest lucru este prev\u0103zut de lege sau \u00een m\u0103sura \u00een care ter\u0163a parte prelucreaz\u0103 aceste date la o solicitare din partea Google. Google nu va corobora \u00een niciun caz adresa dumneavoastr\u0103 de IP cu alte date ale Google Inc. Pute\u021bi \u00eempiedica instalarea cookie-urilor printr-o setare corespunz\u0103toare a software-ului browser-ului dumneavoastr\u0103; cu toate acestea, v\u0103 atragem aten\u0163ia asupra faptului c\u0103, \u00een acest caz, dumneavoastr\u0103 nu ve\u0163i putea utiliza \u00een \u00eentregime toate func\u0163iile acestui site web. Prin folosirea acestui site web v\u0103 declara\u0163i de acord cu prelucrarea datelor solicitate de c\u0103tre Google despre dumneavoastr\u0103 \u00een modul descris anterior \u0219i \u00een scopul men\u021bionat anterior.<\/p>\n<p>&nbsp;<\/p>\n<\/div>\n<div class=\"col-lg-6 col-md-12 col-sm-12 col-xs-12 about-us-box\">\n<h3 class=\"page-sub-headline\">Drepturi de autor<\/h3>\n<p>&nbsp;<\/p>\n<p>Con\u021binutul site-ului nostru, inclusiv produsele prezentate \u0219i datele puse la dispozi\u0163ie sunt protejate prin drepturi de autor. Nu este permis ca, nici \u00een \u00eentregime \u015fi nici par\u0163ial, s\u0103 fie multiplicat \u015fi\/sau publicat con\u021binutul f\u0103r\u0103 permisiunea scris\u0103 prealabil\u0103.<\/p>\n<p>&nbsp;<\/p>\n<h3 class=\"page-sub-headline\">R\u0103spundere \/ Link-uri c\u0103tre alte site-uri<\/h3>\n<p>&nbsp;<\/p>\n<p>Acest site web a fost \u00eentocmit cu cea mai mare grij\u0103. Cu toate acestea, nu poate fi preluat\u0103 nici o garan\u021bie pentru corectitudinea \u0219i acurate\u021bea informa\u021biilor con\u021binute. Orice responsabilitate pentru daunele care rezult\u0103 direct sau indirect din utilizarea acestui site web este exclus\u0103. \u00cen m\u0103sura \u00een care acest site web face trimiteri la site-uri operate de ter\u021be p\u0103r\u021bi, Forster nu preia nicio responsabilitate pentru con\u021binutul lor. Aceasta revine exclusiv acelor ofertan\u0163i.<\/p>\n<p>&nbsp;<\/p>\n<h3 class=\"page-sub-headline\">Drepturile dumneavoastr\u0103<\/h3>\n<p>&nbsp;<\/p>\n<p>\u00cen principiu, ave\u021bi dreptul la informare, corectare, \u0219tergere, restric\u021bionare, portabilitatea datelor, revocare \u0219i opozi\u021bie. \u00cen cazul \u00een care considera\u021bi c\u0103 prelucrarea datelor dumneavoastr\u0103 \u00eencalc\u0103 legea privind protec\u021bia datelor sau dac\u0103 drepturile dumneavoastr\u0103 privind protec\u021bia datelor au fost altfel \u00eenc\u0103lcate \u00een vreun fel, pute\u021bi face pl\u00e2ngere la autoritatea de supraveghere.<\/p>\n<\/div>\n<p><!-- \/divi:paragraph --><\/p>\n<p>[\/et_pb_text][\/et_pb_column][\/et_pb_row][\/et_pb_section]<\/p>\n","protected":false},"excerpt":{"rendered":"<p>Politic\u0103 de confiden\u021bialitate Protec\u021bia datelor dumneavoastr\u0103 personale este foarte important\u0103 pentru noi. Prin urmare, v\u0103 prelucr\u0103m datele exclusiv \u00een baza reglement\u0103rilor legale (RGPD). Prin aceste informa\u021bii privind protec\u021bia datelor, v\u0103 inform\u0103m despre cele mai importante aspecte ale prelucr\u0103rii datelor pe site-ul nostru. &nbsp; C\u00c2T TIMP SUNT STOCATE DATELE DUMNEAVOASTR\u0102? &nbsp; Prelucrarea datelor are loc \u00een [&hellip;]<\/p>\n","protected":false},"author":1,"featured_media":0,"parent":0,"menu_order":0,"comment_status":"closed","ping_status":"open","template":"","meta":{"_et_pb_use_builder":"on","_et_pb_old_content":"<!-- wp:heading --><h2>Cine e\u0219ti (suntem)<\/h2><!-- \/wp:heading --><!-- wp:paragraph --><p><strong class=\"privacy-policy-tutorial\">Text sugerat: <\/strong>Adresa site-ului nostru web este: https:\/\/semineevistea.ro.<\/p><!-- \/wp:paragraph --><!-- wp:heading --><h2>Comentarii<\/h2><!-- \/wp:heading --><!-- wp:paragraph --><p><strong class=\"privacy-policy-tutorial\">Text sugerat: <\/strong>C\u00e2nd vizitatorii las\u0103 comentarii pe site, colect\u0103m datele ar\u0103tate \u00een formularele de comentarii, dar \u0219i adresa IP a vizitatorului \u0219i \u0219irul agen\u021bilor utilizator din navigator pentru a ne ajuta la detectarea spamului.<\/p><!-- \/wp:paragraph --><!-- wp:paragraph --><p>Un \u0219ir f\u0103cut anonim (numit \u0219i un hash), creat din adresele tale de email, poate fi furnizat serviciului Gravatar pentru a vedea dac\u0103 \u00eel folose\u0219ti. Politica de confiden\u021bialitate a serviciului Gravatar este disponibil\u0103 aici: https:\/\/automattic.com\/privacy\/. Dup\u0103 aprobarea comentariului, fotografia ta de profil este vizibil\u0103 pentru public l\u00e2ng\u0103 comentariul t\u0103u.<\/p><!-- \/wp:paragraph --><!-- wp:heading --><h2>Media<\/h2><!-- \/wp:heading --><!-- wp:paragraph --><p><strong class=\"privacy-policy-tutorial\">Text sugerat: <\/strong>Dac\u0103 \u00eencarci imagini pe site-ul web, ar trebui s\u0103 evi\u021bi \u00eenc\u0103rcarea imaginilor care au incluse date de loca\u021bie \u00eenglobate (EXIF GPS). Vizitatorii site-ului web pot desc\u0103rca \u0219i extrage toate datele despre loca\u021bie din imaginile de pe site.<\/p><!-- \/wp:paragraph --><!-- wp:heading --><h2>Cookie-uri<\/h2><!-- \/wp:heading --><!-- wp:paragraph --><p><strong class=\"privacy-policy-tutorial\">Text sugerat: <\/strong>Dac\u0103 la\u0219i un comentariu pe site-ul nostru, po\u021bi opta pentru salvarea \u00een cookie-uri a numelui, adresei de email \u0219i site-ului t\u0103u web. Acestea sunt pentru confortul t\u0103u, astfel nu mai trebuie s\u0103 le completezi din nou c\u00e2nd la\u0219i un alt comentariu. Aceste cookie-uri vor fi valabile un an.<\/p><!-- \/wp:paragraph --><!-- wp:paragraph --><p>Dac\u0103 mergi la pagina noastr\u0103 de autentificare, vom seta un cookie temporar pentru a determina dac\u0103 navigatorul t\u0103u accept\u0103 cookie-uri. Acest cookie nu con\u021bine date personale \u0219i este eliminat c\u00e2nd \u00eenchizi navigatorul.<\/p><!-- \/wp:paragraph --><!-- wp:paragraph --><p>C\u00e2nd te autentifici, vom seta \u0219i c\u00e2teva cookie-uri pentru a-\u021bi salva informa\u021biile de autentificare \u0219i op\u021biunile de afi\u0219are pe ecran. Cookie-urile de autentificare sunt p\u0103strate dou\u0103 zile, iar cele pentru op\u021biuni de afi\u0219are pe ecran sunt p\u0103strate un an. Dac\u0103 selectezi \u201e\u021aine-m\u0103 minte\u201d, cookie-urile tale de autentificare vor fi p\u0103strate dou\u0103 s\u0103pt\u0103m\u00e2ni. Dac\u0103 te dezautentifici din cont, cookie-urile de autentificare vor fi eliminate.<\/p><!-- \/wp:paragraph --><!-- wp:paragraph --><p>Dac\u0103 editezi sau publici un articol, un cookie suplimentar va fi salvat \u00een navigatorul t\u0103u. Acest cookie nu include date personale \u0219i indic\u0103 pur \u0219i simplu ID-ul articolului pe care tocmai l-ai editat. El expir\u0103 dup\u0103 1 zi.<\/p><!-- \/wp:paragraph --><!-- wp:heading --><h2>Con\u021binut \u00eenglobat de pe alte site-uri web<\/h2><!-- \/wp:heading --><!-- wp:paragraph --><p><strong class=\"privacy-policy-tutorial\">Text sugerat: <\/strong>Articolele din acest site pot include con\u021binut \u00eenglobat (de exemplu, videouri, imagini, articole etc.). Con\u021binutul \u00eenglobat de pe alte site-uri web se comporta exact la fel ca \u0219i cum vizitatorii au vizualizat un alt site web.<\/p><!-- \/wp:paragraph --><!-- wp:paragraph --><p>Aceste site-uri web pot s\u0103 colecteze date despre tine, s\u0103 foloseasc\u0103 cookie-uri, s\u0103 \u00eenglobeze urm\u0103rirea suplimentar\u0103 a ter\u021bilor \u0219i s\u0103-\u021bi monitorizeze interac\u021biunea cu con\u021binutul \u00eenglobat, inclusiv s\u0103-\u021bi urm\u0103reasc\u0103 interac\u021biunea cu con\u021binutul \u00eenglobat dac\u0103 ai un cont \u0219i e\u0219ti autentificat \u00een acel site web.<\/p><!-- \/wp:paragraph --><!-- wp:heading --><h2>Cu cine partaj\u0103m datele tale<\/h2><!-- \/wp:heading --><!-- wp:paragraph --><p><strong class=\"privacy-policy-tutorial\">Text sugerat: <\/strong>Dac\u0103 ceri resetarea parolei, adresa ta IP va fi inclus\u0103 \u00een emailul pentru resetare.<\/p><!-- \/wp:paragraph --><!-- wp:heading --><h2>C\u00e2t timp \u00ee\u021bi p\u0103str\u0103m datele<\/h2><!-- \/wp:heading --><!-- wp:paragraph --><p><strong class=\"privacy-policy-tutorial\">Text sugerat: <\/strong>Dac\u0103 la\u0219i un comentariu, comentariul \u0219i metadatele lui sunt p\u0103strate pe o perioad\u0103 nedeterminat\u0103. A\u0219a putem recunoa\u0219te \u0219i aproba automat toate comentariile urm\u0103toare \u00een loc s\u0103 le \u021binem \u00eentr-o coad\u0103 pentru moderare.<\/p><!-- \/wp:paragraph --><!-- wp:paragraph --><p>Pentru utilizatorii (dac\u0103 exist\u0103) care se \u00eenregistreaz\u0103 pe site-ul nostru web, stoc\u0103m \u0219i informa\u021biile personale pe care le furnizeaz\u0103 \u00een profilul lor de utilizator. To\u021bi utilizatorii \u00ee\u0219i pot vedea, edita sau \u0219terge informa\u021biile personale oric\u00e2nd (dar nu \u00ee\u0219i pot schimba numele de utilizator). De asemenea, administratorii site-ului web pot vedea \u0219i edita aceste informa\u021bii.<\/p><!-- \/wp:paragraph --><!-- wp:heading --><h2>Ce drepturi ai asupra datelor tale<\/h2><!-- \/wp:heading --><!-- wp:paragraph --><p><strong class=\"privacy-policy-tutorial\">Text sugerat: <\/strong>Dac\u0103 ai un cont sau ai l\u0103sat comentarii pe acest site web, po\u021bi cere s\u0103 prime\u0219ti un fi\u0219ier de export cu datele cu caracter personal pe care le de\u021binem despre tine, inclusiv toate datele pe care ni le-ai furnizat. De asemenea, ne po\u021bi cere s\u0103 \u0219tergem toate datele cu caracter personal pe care le de\u021binem despre tine. Acestea nu includ \u0219i toate datele pe care suntem obliga\u021bi s\u0103 le p\u0103str\u0103m \u00een scopuri administrative, juridice sau de securitate.<\/p><!-- \/wp:paragraph --><!-- wp:heading --><h2>Unde \u00ee\u021bi trimitem datele<\/h2><!-- \/wp:heading --><!-- wp:paragraph --><p><strong class=\"privacy-policy-tutorial\">Text sugerat: <\/strong>Comentariile vizitatorilor pot fi verificate printr-un serviciu automat de detectare a spamului.<\/p><!-- \/wp:paragraph -->","_et_gb_content_width":"","_mi_skip_tracking":false,"_monsterinsights_sitenote_active":false,"_monsterinsights_sitenote_note":"","_monsterinsights_sitenote_category":0,"footnotes":""},"class_list":["post-3","page","type-page","status-publish","hentry"],"yoast_head":"<!-- This site is optimized with the Yoast SEO plugin v18.7 - https:\/\/yoast.com\/wordpress\/plugins\/seo\/ -->\n<title>Politic\u0103 de confiden\u021bialitate - Semineevistea<\/title>\n<meta name=\"robots\" content=\"index, follow, max-snippet:-1, max-image-preview:large, max-video-preview:-1\" \/>\n<link rel=\"canonical\" href=\"https:\/\/semineevistea.ro\/index.php\/politica-de-confidentialitate\/\" \/>\n<meta property=\"og:locale\" content=\"ro_RO\" \/>\n<meta property=\"og:type\" content=\"article\" \/>\n<meta property=\"og:title\" content=\"Politic\u0103 de confiden\u021bialitate - Semineevistea\" \/>\n<meta property=\"og:description\" content=\"Politic\u0103 de confiden\u021bialitate Protec\u021bia datelor dumneavoastr\u0103 personale este foarte important\u0103 pentru noi. Prin urmare, v\u0103 prelucr\u0103m datele exclusiv \u00een baza reglement\u0103rilor legale (RGPD). Prin aceste informa\u021bii privind protec\u021bia datelor, v\u0103 inform\u0103m despre cele mai importante aspecte ale prelucr\u0103rii datelor pe site-ul nostru. &nbsp; C\u00c2T TIMP SUNT STOCATE DATELE DUMNEAVOASTR\u0102? &nbsp; Prelucrarea datelor are loc \u00een [&hellip;]\" \/>\n<meta property=\"og:url\" content=\"https:\/\/semineevistea.ro\/index.php\/politica-de-confidentialitate\/\" \/>\n<meta property=\"og:site_name\" content=\"Semineevistea\" \/>\n<meta property=\"article:modified_time\" content=\"2022-02-03T12:48:36+00:00\" \/>\n<meta name=\"twitter:card\" content=\"summary_large_image\" \/>\n<script type=\"application\/ld+json\" class=\"yoast-schema-graph\">{\"@context\":\"https:\/\/schema.org\",\"@graph\":[{\"@type\":\"Organization\",\"@id\":\"https:\/\/semineevistea.ro\/#organization\",\"name\":\"Seminee Vistea\",\"url\":\"https:\/\/semineevistea.ro\/\",\"sameAs\":[],\"logo\":{\"@type\":\"ImageObject\",\"inLanguage\":\"ro-RO\",\"@id\":\"https:\/\/semineevistea.ro\/#\/schema\/logo\/image\/\",\"url\":\"https:\/\/semineevistea.ro\/wp-content\/uploads\/2022\/01\/Seminee-black.png\",\"contentUrl\":\"https:\/\/semineevistea.ro\/wp-content\/uploads\/2022\/01\/Seminee-black.png\",\"width\":1258,\"height\":487,\"caption\":\"Seminee Vistea\"},\"image\":{\"@id\":\"https:\/\/semineevistea.ro\/#\/schema\/logo\/image\/\"}},{\"@type\":\"WebSite\",\"@id\":\"https:\/\/semineevistea.ro\/#website\",\"url\":\"https:\/\/semineevistea.ro\/\",\"name\":\"Semineevistea\",\"description\":\"\",\"publisher\":{\"@id\":\"https:\/\/semineevistea.ro\/#organization\"},\"potentialAction\":[{\"@type\":\"SearchAction\",\"target\":{\"@type\":\"EntryPoint\",\"urlTemplate\":\"https:\/\/semineevistea.ro\/?s={search_term_string}\"},\"query-input\":\"required name=search_term_string\"}],\"inLanguage\":\"ro-RO\"},{\"@type\":\"WebPage\",\"@id\":\"https:\/\/semineevistea.ro\/index.php\/politica-de-confidentialitate\/#webpage\",\"url\":\"https:\/\/semineevistea.ro\/index.php\/politica-de-confidentialitate\/\",\"name\":\"Politic\u0103 de confiden\u021bialitate - Semineevistea\",\"isPartOf\":{\"@id\":\"https:\/\/semineevistea.ro\/#website\"},\"datePublished\":\"2022-01-10T22:19:54+00:00\",\"dateModified\":\"2022-02-03T12:48:36+00:00\",\"breadcrumb\":{\"@id\":\"https:\/\/semineevistea.ro\/index.php\/politica-de-confidentialitate\/#breadcrumb\"},\"inLanguage\":\"ro-RO\",\"potentialAction\":[{\"@type\":\"ReadAction\",\"target\":[\"https:\/\/semineevistea.ro\/index.php\/politica-de-confidentialitate\/\"]}]},{\"@type\":\"BreadcrumbList\",\"@id\":\"https:\/\/semineevistea.ro\/index.php\/politica-de-confidentialitate\/#breadcrumb\",\"itemListElement\":[{\"@type\":\"ListItem\",\"position\":1,\"name\":\"Prima pagin\u0103\",\"item\":\"https:\/\/semineevistea.ro\/\"},{\"@type\":\"ListItem\",\"position\":2,\"name\":\"Politic\u0103 de confiden\u021bialitate\"}]}]}<\/script>\n<!-- \/ Yoast SEO plugin. -->","yoast_head_json":{"title":"Politic\u0103 de confiden\u021bialitate - Semineevistea","robots":{"index":"index","follow":"follow","max-snippet":"max-snippet:-1","max-image-preview":"max-image-preview:large","max-video-preview":"max-video-preview:-1"},"canonical":"https:\/\/semineevistea.ro\/index.php\/politica-de-confidentialitate\/","og_locale":"ro_RO","og_type":"article","og_title":"Politic\u0103 de confiden\u021bialitate - Semineevistea","og_description":"Politic\u0103 de confiden\u021bialitate Protec\u021bia datelor dumneavoastr\u0103 personale este foarte important\u0103 pentru noi. Prin urmare, v\u0103 prelucr\u0103m datele exclusiv \u00een baza reglement\u0103rilor legale (RGPD). Prin aceste informa\u021bii privind protec\u021bia datelor, v\u0103 inform\u0103m despre cele mai importante aspecte ale prelucr\u0103rii datelor pe site-ul nostru. &nbsp; C\u00c2T TIMP SUNT STOCATE DATELE DUMNEAVOASTR\u0102? &nbsp; Prelucrarea datelor are loc \u00een [&hellip;]","og_url":"https:\/\/semineevistea.ro\/index.php\/politica-de-confidentialitate\/","og_site_name":"Semineevistea","article_modified_time":"2022-02-03T12:48:36+00:00","twitter_card":"summary_large_image","schema":{"@context":"https:\/\/schema.org","@graph":[{"@type":"Organization","@id":"https:\/\/semineevistea.ro\/#organization","name":"Seminee Vistea","url":"https:\/\/semineevistea.ro\/","sameAs":[],"logo":{"@type":"ImageObject","inLanguage":"ro-RO","@id":"https:\/\/semineevistea.ro\/#\/schema\/logo\/image\/","url":"https:\/\/semineevistea.ro\/wp-content\/uploads\/2022\/01\/Seminee-black.png","contentUrl":"https:\/\/semineevistea.ro\/wp-content\/uploads\/2022\/01\/Seminee-black.png","width":1258,"height":487,"caption":"Seminee Vistea"},"image":{"@id":"https:\/\/semineevistea.ro\/#\/schema\/logo\/image\/"}},{"@type":"WebSite","@id":"https:\/\/semineevistea.ro\/#website","url":"https:\/\/semineevistea.ro\/","name":"Semineevistea","description":"","publisher":{"@id":"https:\/\/semineevistea.ro\/#organization"},"potentialAction":[{"@type":"SearchAction","target":{"@type":"EntryPoint","urlTemplate":"https:\/\/semineevistea.ro\/?s={search_term_string}"},"query-input":"required name=search_term_string"}],"inLanguage":"ro-RO"},{"@type":"WebPage","@id":"https:\/\/semineevistea.ro\/index.php\/politica-de-confidentialitate\/#webpage","url":"https:\/\/semineevistea.ro\/index.php\/politica-de-confidentialitate\/","name":"Politic\u0103 de confiden\u021bialitate - Semineevistea","isPartOf":{"@id":"https:\/\/semineevistea.ro\/#website"},"datePublished":"2022-01-10T22:19:54+00:00","dateModified":"2022-02-03T12:48:36+00:00","breadcrumb":{"@id":"https:\/\/semineevistea.ro\/index.php\/politica-de-confidentialitate\/#breadcrumb"},"inLanguage":"ro-RO","potentialAction":[{"@type":"ReadAction","target":["https:\/\/semineevistea.ro\/index.php\/politica-de-confidentialitate\/"]}]},{"@type":"BreadcrumbList","@id":"https:\/\/semineevistea.ro\/index.php\/politica-de-confidentialitate\/#breadcrumb","itemListElement":[{"@type":"ListItem","position":1,"name":"Prima pagin\u0103","item":"https:\/\/semineevistea.ro\/"},{"@type":"ListItem","position":2,"name":"Politic\u0103 de confiden\u021bialitate"}]}]}},"_links":{"self":[{"href":"https:\/\/semineevistea.ro\/index.php\/wp-json\/wp\/v2\/pages\/3","targetHints":{"allow":["GET"]}}],"collection":[{"href":"https:\/\/semineevistea.ro\/index.php\/wp-json\/wp\/v2\/pages"}],"about":[{"href":"https:\/\/semineevistea.ro\/index.php\/wp-json\/wp\/v2\/types\/page"}],"author":[{"embeddable":true,"href":"https:\/\/semineevistea.ro\/index.php\/wp-json\/wp\/v2\/users\/1"}],"replies":[{"embeddable":true,"href":"https:\/\/semineevistea.ro\/index.php\/wp-json\/wp\/v2\/comments?post=3"}],"version-history":[{"count":7,"href":"https:\/\/semineevistea.ro\/index.php\/wp-json\/wp\/v2\/pages\/3\/revisions"}],"predecessor-version":[{"id":4429,"href":"https:\/\/semineevistea.ro\/index.php\/wp-json\/wp\/v2\/pages\/3\/revisions\/4429"}],"wp:attachment":[{"href":"https:\/\/semineevistea.ro\/index.php\/wp-json\/wp\/v2\/media?parent=3"}],"curies":[{"name":"wp","href":"https:\/\/api.w.org\/{rel}","templated":true}]}}