{"id":39,"date":"2022-01-11T20:12:46","date_gmt":"2022-01-11T20:12:46","guid":{"rendered":"http:\/\/hostingwp2033406.online.pro\/dummy\/semineevestea\/?page_id=39"},"modified":"2022-04-02T13:45:53","modified_gmt":"2022-04-02T13:45:53","slug":"monograme","status":"publish","type":"page","link":"https:\/\/semineevistea.ro\/index.php\/lucrari-din-piatra\/monograme\/","title":{"rendered":"Monograme"},"content":{"rendered":"<p>[et_pb_section fb_built=&#8221;1&#8243; _builder_version=&#8221;4.14.5&#8243; _module_preset=&#8221;default&#8221; locked=&#8221;off&#8221; global_colors_info=&#8221;{}&#8221;][et_pb_row _builder_version=&#8221;4.14.5&#8243; _module_preset=&#8221;default&#8221; global_colors_info=&#8221;{}&#8221;][et_pb_column type=&#8221;4_4&#8243; _builder_version=&#8221;4.14.5&#8243; _module_preset=&#8221;default&#8221; global_colors_info=&#8221;{}&#8221;][et_pb_text _builder_version=&#8221;4.14.5&#8243; _module_preset=&#8221;default&#8221; text_font=&#8221;|700|||||||&#8221; text_text_color=&#8221;#FFFFFF&#8221; text_font_size=&#8221;30px&#8221; text_font_size_tablet=&#8221;25px&#8221; text_font_size_phone=&#8221;20px&#8221; text_font_size_last_edited=&#8221;on|phone&#8221; text_text_shadow_style=&#8221;preset1&#8243; global_colors_info=&#8221;{}&#8221;]<\/p>\n<p style=\"text-align: center;\">Monograme<\/p>\n<p>[\/et_pb_text][\/et_pb_column][\/et_pb_row][\/et_pb_section][et_pb_section fb_built=&#8221;1&#8243; _builder_version=&#8221;4.14.5&#8243; _module_preset=&#8221;default&#8221; use_background_color_gradient=&#8221;on&#8221; background_color_gradient_start=&#8221;rgba(0,0,0,0.2)&#8221; background_color_gradient_end=&#8221;rgba(0,0,0,0.3)&#8221; background_color_gradient_overlays_image=&#8221;on&#8221; background_image=&#8221;https:\/\/semineevistea.ro\/wp-content\/uploads\/2022\/01\/pexels-karolina-grabowska-4705853-1.jpg&#8221; positioning=&#8221;absolute&#8221; min_height=&#8221;379px&#8221; custom_margin=&#8221;-140px||-20px||false|false&#8221; custom_margin_tablet=&#8221;-160px||||false|false&#8221; custom_margin_phone=&#8221;-180px||-20px||false|false&#8221; custom_margin_last_edited=&#8221;on|phone&#8221; locked=&#8221;off&#8221; global_colors_info=&#8221;{}&#8221;][\/et_pb_section][et_pb_section fb_built=&#8221;1&#8243; _builder_version=&#8221;4.14.5&#8243; _module_preset=&#8221;default&#8221; custom_padding=&#8221;||0px|||&#8221; global_colors_info=&#8221;{}&#8221;][et_pb_row _builder_version=&#8221;4.14.5&#8243; _module_preset=&#8221;default&#8221; global_colors_info=&#8221;{}&#8221;][et_pb_column type=&#8221;4_4&#8243; _builder_version=&#8221;4.14.5&#8243; _module_preset=&#8221;default&#8221; global_colors_info=&#8221;{}&#8221;][et_pb_text _builder_version=&#8221;4.14.5&#8243; _module_preset=&#8221;default&#8221; header_line_height=&#8221;1.4em&#8221; header_4_line_height=&#8221;1.4em&#8221; hover_enabled=&#8221;0&#8243; global_colors_info=&#8221;{}&#8221; sticky_enabled=&#8221;0&#8243;]<\/p>\n<h4>Embleme, monograme, inscriptii, gravuri \u00een \u201ev\u201d, sculptare in relief, din piatr\u0103 \u0219i\/sau marmur\u0103.Linii clare, executate manual.<\/h4>\n<h4>Dalta aluneca u\u0219or, cu precizie, astfel \u00eenc\u00e2t s\u0103 nu\u00a0 existe corecturi. Imagina\u021bi-v\u0103 cum ar ar\u0103ta o lucrare, dac\u0103 cel care o realizeaz\u0103 ar ezita!<\/h4>\n<h4>Lucr\u0103rile sunt realizate cu mare precizie, astfel \u00eenc\u00e2t imaginea de ansamblu s\u0103 fie pe c\u00e2t se poate de real\u0103, clar\u0103.<\/h4>\n<p>[\/et_pb_text][\/et_pb_column][\/et_pb_row][\/et_pb_section][et_pb_section fb_built=&#8221;1&#8243; _builder_version=&#8221;4.14.5&#8243; _module_preset=&#8221;default&#8221; min_height=&#8221;283px&#8221; custom_padding=&#8221;||112px|||&#8221; global_colors_info=&#8221;{}&#8221;][et_pb_row _builder_version=&#8221;4.14.5&#8243; _module_preset=&#8221;default&#8221; global_colors_info=&#8221;{}&#8221;][et_pb_column type=&#8221;4_4&#8243; _builder_version=&#8221;4.14.5&#8243; _module_preset=&#8221;default&#8221; global_colors_info=&#8221;{}&#8221;][et_pb_text _builder_version=&#8221;4.14.5&#8243; _module_preset=&#8221;default&#8221; header_4_line_height=&#8221;1.4em&#8221; custom_margin=&#8221;||5px||false|false&#8221; custom_padding=&#8221;||||false|false&#8221; header_4_font_size_tablet=&#8221;16px&#8221; header_4_font_size_phone=&#8221;14px&#8221; header_4_font_size_last_edited=&#8221;on|phone&#8221; locked=&#8221;off&#8221; global_colors_info=&#8221;{}&#8221;]<\/p>\n<h4><strong><span>Monograme<\/span><\/strong><\/h4>\n<p>[\/et_pb_text][et_pb_divider color=&#8221;#c0a188&#8243; divider_weight=&#8221;3px&#8221; _builder_version=&#8221;4.14.5&#8243; _module_preset=&#8221;default&#8221; width=&#8221;10%&#8221; width_tablet=&#8221;10%&#8221; width_phone=&#8221;20%&#8221; width_last_edited=&#8221;on|phone&#8221; custom_margin_tablet=&#8221;||20px||false|false&#8221; custom_margin_phone=&#8221;||20px||false|false&#8221; custom_margin_last_edited=&#8221;on|desktop&#8221; locked=&#8221;off&#8221; global_colors_info=&#8221;{}&#8221;][\/et_pb_divider][et_pb_gallery gallery_ids=&#8221;4531,4528,4527,3926,398,3925,395,4662,4730,4734,4731,4733&#8243; posts_number=&#8221;12&#8243; show_title_and_caption=&#8221;off&#8221; show_pagination=&#8221;off&#8221; zoom_icon_color=&#8221;rgba(255,255,255,0.4)&#8221; hover_overlay_color=&#8221;rgba(81,81,81,0.4)&#8221; hover_icon=&#8221;&#x57;||divi||400&#8243; _builder_version=&#8221;4.14.5&#8243; _module_preset=&#8221;default&#8221; global_colors_info=&#8221;{}&#8221;][\/et_pb_gallery][\/et_pb_column][\/et_pb_row][\/et_pb_section]<\/p>\n","protected":false},"excerpt":{"rendered":"<p>MonogrameEmbleme, monograme, inscriptii, gravuri \u00een \u201ev\u201d, sculptare in relief, din piatr\u0103 \u0219i\/sau marmur\u0103.Linii clare, executate manual. Dalta aluneca u\u0219or, cu precizie, astfel \u00eenc\u00e2t s\u0103 nu\u00a0 existe corecturi. Imagina\u021bi-v\u0103 cum ar ar\u0103ta o lucrare, dac\u0103 cel care o realizeaz\u0103 ar ezita! Lucr\u0103rile sunt realizate cu mare precizie, astfel \u00eenc\u00e2t imaginea de ansamblu s\u0103 fie pe c\u00e2t [&hellip;]<\/p>\n","protected":false},"author":3,"featured_media":0,"parent":13,"menu_order":4,"comment_status":"closed","ping_status":"closed","template":"","meta":{"_et_pb_use_builder":"on","_et_pb_old_content":"<!-- wp:divi\/placeholder \/-->","_et_gb_content_width":"","_mi_skip_tracking":false,"_monsterinsights_sitenote_active":false,"_monsterinsights_sitenote_note":"","_monsterinsights_sitenote_category":0,"footnotes":""},"class_list":["post-39","page","type-page","status-publish","hentry"],"yoast_head":"<!-- This site is optimized with the Yoast SEO plugin v18.7 - https:\/\/yoast.com\/wordpress\/plugins\/seo\/ -->\n<title>Monograme - Semineevistea<\/title>\n<meta name=\"robots\" content=\"index, follow, max-snippet:-1, max-image-preview:large, max-video-preview:-1\" \/>\n<link rel=\"canonical\" href=\"https:\/\/semineevistea.ro\/index.php\/lucrari-din-piatra\/monograme\/\" \/>\n<meta property=\"og:locale\" content=\"ro_RO\" \/>\n<meta property=\"og:type\" content=\"article\" \/>\n<meta property=\"og:title\" content=\"Monograme - Semineevistea\" \/>\n<meta property=\"og:description\" content=\"MonogrameEmbleme, monograme, inscriptii, gravuri \u00een \u201ev\u201d, sculptare in relief, din piatr\u0103 \u0219i\/sau marmur\u0103.Linii clare, executate manual. Dalta aluneca u\u0219or, cu precizie, astfel \u00eenc\u00e2t s\u0103 nu\u00a0 existe corecturi. Imagina\u021bi-v\u0103 cum ar ar\u0103ta o lucrare, dac\u0103 cel care o realizeaz\u0103 ar ezita! Lucr\u0103rile sunt realizate cu mare precizie, astfel \u00eenc\u00e2t imaginea de ansamblu s\u0103 fie pe c\u00e2t [&hellip;]\" \/>\n<meta property=\"og:url\" content=\"https:\/\/semineevistea.ro\/index.php\/lucrari-din-piatra\/monograme\/\" \/>\n<meta property=\"og:site_name\" content=\"Semineevistea\" \/>\n<meta property=\"article:modified_time\" content=\"2022-04-02T13:45:53+00:00\" \/>\n<meta name=\"twitter:card\" content=\"summary_large_image\" \/>\n<script type=\"application\/ld+json\" class=\"yoast-schema-graph\">{\"@context\":\"https:\/\/schema.org\",\"@graph\":[{\"@type\":\"Organization\",\"@id\":\"https:\/\/semineevistea.ro\/#organization\",\"name\":\"Seminee Vistea\",\"url\":\"https:\/\/semineevistea.ro\/\",\"sameAs\":[],\"logo\":{\"@type\":\"ImageObject\",\"inLanguage\":\"ro-RO\",\"@id\":\"https:\/\/semineevistea.ro\/#\/schema\/logo\/image\/\",\"url\":\"https:\/\/semineevistea.ro\/wp-content\/uploads\/2022\/01\/Seminee-black.png\",\"contentUrl\":\"https:\/\/semineevistea.ro\/wp-content\/uploads\/2022\/01\/Seminee-black.png\",\"width\":1258,\"height\":487,\"caption\":\"Seminee Vistea\"},\"image\":{\"@id\":\"https:\/\/semineevistea.ro\/#\/schema\/logo\/image\/\"}},{\"@type\":\"WebSite\",\"@id\":\"https:\/\/semineevistea.ro\/#website\",\"url\":\"https:\/\/semineevistea.ro\/\",\"name\":\"Semineevistea\",\"description\":\"\",\"publisher\":{\"@id\":\"https:\/\/semineevistea.ro\/#organization\"},\"potentialAction\":[{\"@type\":\"SearchAction\",\"target\":{\"@type\":\"EntryPoint\",\"urlTemplate\":\"https:\/\/semineevistea.ro\/?s={search_term_string}\"},\"query-input\":\"required name=search_term_string\"}],\"inLanguage\":\"ro-RO\"},{\"@type\":\"WebPage\",\"@id\":\"https:\/\/semineevistea.ro\/index.php\/lucrari-din-piatra\/monograme\/#webpage\",\"url\":\"https:\/\/semineevistea.ro\/index.php\/lucrari-din-piatra\/monograme\/\",\"name\":\"Monograme - Semineevistea\",\"isPartOf\":{\"@id\":\"https:\/\/semineevistea.ro\/#website\"},\"datePublished\":\"2022-01-11T20:12:46+00:00\",\"dateModified\":\"2022-04-02T13:45:53+00:00\",\"breadcrumb\":{\"@id\":\"https:\/\/semineevistea.ro\/index.php\/lucrari-din-piatra\/monograme\/#breadcrumb\"},\"inLanguage\":\"ro-RO\",\"potentialAction\":[{\"@type\":\"ReadAction\",\"target\":[\"https:\/\/semineevistea.ro\/index.php\/lucrari-din-piatra\/monograme\/\"]}]},{\"@type\":\"BreadcrumbList\",\"@id\":\"https:\/\/semineevistea.ro\/index.php\/lucrari-din-piatra\/monograme\/#breadcrumb\",\"itemListElement\":[{\"@type\":\"ListItem\",\"position\":1,\"name\":\"Prima pagin\u0103\",\"item\":\"https:\/\/semineevistea.ro\/\"},{\"@type\":\"ListItem\",\"position\":2,\"name\":\"Lucr\u0103ri din piatr\u0103\",\"item\":\"https:\/\/semineevistea.ro\/index.php\/lucrari-din-piatra\/\"},{\"@type\":\"ListItem\",\"position\":3,\"name\":\"Monograme\"}]}]}<\/script>\n<!-- \/ Yoast SEO plugin. -->","yoast_head_json":{"title":"Monograme - Semineevistea","robots":{"index":"index","follow":"follow","max-snippet":"max-snippet:-1","max-image-preview":"max-image-preview:large","max-video-preview":"max-video-preview:-1"},"canonical":"https:\/\/semineevistea.ro\/index.php\/lucrari-din-piatra\/monograme\/","og_locale":"ro_RO","og_type":"article","og_title":"Monograme - Semineevistea","og_description":"MonogrameEmbleme, monograme, inscriptii, gravuri \u00een \u201ev\u201d, sculptare in relief, din piatr\u0103 \u0219i\/sau marmur\u0103.Linii clare, executate manual. Dalta aluneca u\u0219or, cu precizie, astfel \u00eenc\u00e2t s\u0103 nu\u00a0 existe corecturi. Imagina\u021bi-v\u0103 cum ar ar\u0103ta o lucrare, dac\u0103 cel care o realizeaz\u0103 ar ezita! Lucr\u0103rile sunt realizate cu mare precizie, astfel \u00eenc\u00e2t imaginea de ansamblu s\u0103 fie pe c\u00e2t [&hellip;]","og_url":"https:\/\/semineevistea.ro\/index.php\/lucrari-din-piatra\/monograme\/","og_site_name":"Semineevistea","article_modified_time":"2022-04-02T13:45:53+00:00","twitter_card":"summary_large_image","schema":{"@context":"https:\/\/schema.org","@graph":[{"@type":"Organization","@id":"https:\/\/semineevistea.ro\/#organization","name":"Seminee Vistea","url":"https:\/\/semineevistea.ro\/","sameAs":[],"logo":{"@type":"ImageObject","inLanguage":"ro-RO","@id":"https:\/\/semineevistea.ro\/#\/schema\/logo\/image\/","url":"https:\/\/semineevistea.ro\/wp-content\/uploads\/2022\/01\/Seminee-black.png","contentUrl":"https:\/\/semineevistea.ro\/wp-content\/uploads\/2022\/01\/Seminee-black.png","width":1258,"height":487,"caption":"Seminee Vistea"},"image":{"@id":"https:\/\/semineevistea.ro\/#\/schema\/logo\/image\/"}},{"@type":"WebSite","@id":"https:\/\/semineevistea.ro\/#website","url":"https:\/\/semineevistea.ro\/","name":"Semineevistea","description":"","publisher":{"@id":"https:\/\/semineevistea.ro\/#organization"},"potentialAction":[{"@type":"SearchAction","target":{"@type":"EntryPoint","urlTemplate":"https:\/\/semineevistea.ro\/?s={search_term_string}"},"query-input":"required name=search_term_string"}],"inLanguage":"ro-RO"},{"@type":"WebPage","@id":"https:\/\/semineevistea.ro\/index.php\/lucrari-din-piatra\/monograme\/#webpage","url":"https:\/\/semineevistea.ro\/index.php\/lucrari-din-piatra\/monograme\/","name":"Monograme - Semineevistea","isPartOf":{"@id":"https:\/\/semineevistea.ro\/#website"},"datePublished":"2022-01-11T20:12:46+00:00","dateModified":"2022-04-02T13:45:53+00:00","breadcrumb":{"@id":"https:\/\/semineevistea.ro\/index.php\/lucrari-din-piatra\/monograme\/#breadcrumb"},"inLanguage":"ro-RO","potentialAction":[{"@type":"ReadAction","target":["https:\/\/semineevistea.ro\/index.php\/lucrari-din-piatra\/monograme\/"]}]},{"@type":"BreadcrumbList","@id":"https:\/\/semineevistea.ro\/index.php\/lucrari-din-piatra\/monograme\/#breadcrumb","itemListElement":[{"@type":"ListItem","position":1,"name":"Prima pagin\u0103","item":"https:\/\/semineevistea.ro\/"},{"@type":"ListItem","position":2,"name":"Lucr\u0103ri din piatr\u0103","item":"https:\/\/semineevistea.ro\/index.php\/lucrari-din-piatra\/"},{"@type":"ListItem","position":3,"name":"Monograme"}]}]}},"_links":{"self":[{"href":"https:\/\/semineevistea.ro\/index.php\/wp-json\/wp\/v2\/pages\/39","targetHints":{"allow":["GET"]}}],"collection":[{"href":"https:\/\/semineevistea.ro\/index.php\/wp-json\/wp\/v2\/pages"}],"about":[{"href":"https:\/\/semineevistea.ro\/index.php\/wp-json\/wp\/v2\/types\/page"}],"author":[{"embeddable":true,"href":"https:\/\/semineevistea.ro\/index.php\/wp-json\/wp\/v2\/users\/3"}],"replies":[{"embeddable":true,"href":"https:\/\/semineevistea.ro\/index.php\/wp-json\/wp\/v2\/comments?post=39"}],"version-history":[{"count":17,"href":"https:\/\/semineevistea.ro\/index.php\/wp-json\/wp\/v2\/pages\/39\/revisions"}],"predecessor-version":[{"id":4765,"href":"https:\/\/semineevistea.ro\/index.php\/wp-json\/wp\/v2\/pages\/39\/revisions\/4765"}],"up":[{"embeddable":true,"href":"https:\/\/semineevistea.ro\/index.php\/wp-json\/wp\/v2\/pages\/13"}],"wp:attachment":[{"href":"https:\/\/semineevistea.ro\/index.php\/wp-json\/wp\/v2\/media?parent=39"}],"curies":[{"name":"wp","href":"https:\/\/api.w.org\/{rel}","templated":true}]}}