{"id":56,"date":"2022-01-11T20:21:20","date_gmt":"2022-01-11T20:21:20","guid":{"rendered":"http:\/\/hostingwp2033406.online.pro\/dummy\/semineevestea\/?page_id=56"},"modified":"2022-03-10T13:34:09","modified_gmt":"2022-03-10T13:34:09","slug":"gandeste-si-investeste-in-siguranta-pe-termen-lung","status":"publish","type":"page","link":"https:\/\/semineevistea.ro\/index.php\/seminee\/gandeste-si-investeste-in-siguranta-pe-termen-lung\/","title":{"rendered":"G\u00e2nde\u0219te \u0219i investe\u0219te \u00een siguran\u021b\u0103 pe termen lung"},"content":{"rendered":"<p>[et_pb_section fb_built=&#8221;1&#8243; _builder_version=&#8221;4.14.5&#8243; _module_preset=&#8221;default&#8221; global_colors_info=&#8221;{}&#8221;][et_pb_row _builder_version=&#8221;4.14.5&#8243; _module_preset=&#8221;default&#8221; global_colors_info=&#8221;{}&#8221;][et_pb_column type=&#8221;4_4&#8243; _builder_version=&#8221;4.14.5&#8243; _module_preset=&#8221;default&#8221; global_colors_info=&#8221;{}&#8221;][et_pb_text _builder_version=&#8221;4.14.5&#8243; _module_preset=&#8221;default&#8221; text_font=&#8221;|700|||||||&#8221; text_text_color=&#8221;#FFFFFF&#8221; text_font_size=&#8221;30px&#8221; custom_margin=&#8221;-29px||||false|false&#8221; custom_padding_tablet=&#8221;&#8221; custom_padding_phone=&#8221;0px||||false|false&#8221; custom_padding_last_edited=&#8221;on|phone&#8221; text_font_size_tablet=&#8221;25px&#8221; text_font_size_phone=&#8221;20px&#8221; text_font_size_last_edited=&#8221;on|phone&#8221; text_line_height_tablet=&#8221;1.4em&#8221; text_line_height_phone=&#8221;1.4em&#8221; text_line_height_last_edited=&#8221;on|phone&#8221; text_text_shadow_style=&#8221;preset1&#8243; global_colors_info=&#8221;{}&#8221;]<\/p>\n<p style=\"text-align: center;\">G\u00e2nde\u0219te \u0219i investe\u0219te \u00een siguran\u021b\u0103, pe termen lung !<\/p>\n<p>[\/et_pb_text][\/et_pb_column][\/et_pb_row][\/et_pb_section][et_pb_section fb_built=&#8221;1&#8243; _builder_version=&#8221;4.14.5&#8243; _module_preset=&#8221;default&#8221; use_background_color_gradient=&#8221;on&#8221; background_color_gradient_start=&#8221;rgba(0,0,0,0.2)&#8221; background_color_gradient_end=&#8221;rgba(0,0,0,0.3)&#8221; background_color_gradient_overlays_image=&#8221;on&#8221; background_image=&#8221;https:\/\/semineevistea.ro\/wp-content\/uploads\/2022\/01\/pexels-karolina-grabowska-4705853-1.jpg&#8221; positioning=&#8221;absolute&#8221; min_height=&#8221;379px&#8221; custom_margin=&#8221;-140px||-20px||false|false&#8221; custom_margin_tablet=&#8221;-160px||||false|false&#8221; custom_margin_phone=&#8221;-180px||-20px||false|false&#8221; custom_margin_last_edited=&#8221;on|phone&#8221; locked=&#8221;off&#8221; global_colors_info=&#8221;{}&#8221;][\/et_pb_section][et_pb_section fb_built=&#8221;1&#8243; _builder_version=&#8221;4.14.5&#8243; _module_preset=&#8221;default&#8221; custom_padding=&#8221;28px|||||&#8221; global_colors_info=&#8221;{}&#8221;][et_pb_row _builder_version=&#8221;4.14.5&#8243; _module_preset=&#8221;default&#8221; global_colors_info=&#8221;{}&#8221;][et_pb_column type=&#8221;4_4&#8243; _builder_version=&#8221;4.14.5&#8243; _module_preset=&#8221;default&#8221; global_colors_info=&#8221;{}&#8221;][et_pb_text _builder_version=&#8221;4.14.5&#8243; _module_preset=&#8221;default&#8221; text_text_color=&#8221;#474747&#8243; text_font_size=&#8221;16px&#8221; text_line_height=&#8221;1.4em&#8221; header_4_font_size=&#8221;16px&#8221; header_4_line_height=&#8221;1.6em&#8221; hover_enabled=&#8221;0&#8243; header_3_font_size_tablet=&#8221;22px&#8221; header_3_font_size_phone=&#8221;20px&#8221; header_3_font_size_last_edited=&#8221;on|tablet&#8221; global_colors_info=&#8221;{}&#8221; sticky_enabled=&#8221;0&#8243;]<\/p>\n<div class=\"document-page\" data-page=\"12\" width=\"816\" height=\"1056\">\n<div class=\"pdf-page\" width=\"816\" height=\"1056\">\n<div class=\"text-wrapper user-select-text\" width=\"816\" height=\"1056\">\n<h4 data-canvas-width=\"362.868\">E bine s\u0103 investim \u00een noi, \u00een educa\u021bia noastr\u0103, \u00een dezvoltarea competen\u021belor noastre. E bine s\u0103 investim \u0219i \u00een locuin\u021ba noastr\u0103. Ne place s\u0103 avem lucruri frumoase, dar sunt ele \u00eentotdeauna \u0219i sigure?<\/h4>\n<h4 data-canvas-width=\"253.70400000000006\">Este important s\u0103 g\u00e2ndim pe termen lung!<\/h4>\n<h4 data-canvas-width=\"585.6253333333333\">Investi\u021biile, \u00een ambele cazuri, nu sunt ieftine! Iar \u00een cazul locuin\u021bei, trebuie s\u0103 lu\u0103m \u00een considerare \u0219i siguran\u021ba! Albi Vistea SRL \u021bine la calitatea materialelor, a lucr\u0103rilor \u0219i a respect\u0103rii parametrilor care asigur\u0103 siguran\u021ba maxim\u0103 \u00een exploatarea \u0219emineelor realizate.<\/h4>\n<h4 data-canvas-width=\"324.3240000000001\">Clien\u021bii no\u0219tri sunt martori ai lucr\u0103rilor realizate de noi.<\/h4>\n<h4 data-canvas-width=\"552.3173333333336\">Fie c\u0103 e vorba doar de un zid sau de un soclu de cas\u0103, folosim cea mai buna piatr\u0103 ca materie prim\u0103. Folosim cel mai bun adeziv, cele mai bune solu\u021bii care prelungesc durata de p\u0103strare a propriet\u0103\u021bilor pietrei \u0219i suntem aten\u021bi la cele mai mici detalii, astfel \u00eenc\u00e2t rezultatul s\u0103 fie mai mult dec\u00e2t \u0219i-a dorit clientul!<\/h4>\n<h4 data-canvas-width=\"14.754666666666667\">\u00cen cazul \u0219emineelor, fiind vorba de foc, fum, gaze, termenul SIGURAN\u021a\u0102 este primordial!<\/h4>\n<h4 data-canvas-width=\"230.36933333333332\">Da! Realiz\u0103m orice model de \u0219emineu, \u00eens\u0103 asigurarea siguran\u021bei \u00een exploatare este un punct peste care nu putem trece!<\/h4>\n<h4 data-canvas-width=\"496.87733333333347\">Iat\u0103 c\u00e2teva puncte care asigur\u0103 siguran\u021ba \u00een exploatarea \u0219emineelor pe termen lung:<\/h4>\n<h4 data-canvas-width=\"88.74799999999999\">Un co\u0219 de fum defect, \u00eenvechit, cr\u0103pat, care nu mai corespunde standardelor de siguran\u021b\u0103, eman\u0103 monoxid de carbon, ceea ce duce la apari\u021bia durerilor de cap, a ame\u021belilor&#8230; Monoxidul de carbon poate fi fatal celor expu\u0219i la concentra\u021bii foarte mari ale acestuia. Asigura\u021bi-v\u0103 c\u0103 co\u0219ul de fum este montat corect, c\u0103 nu are blocaje \u0219i asigur\u0103 eliminarea tuturor substan\u021belor toxice!<\/h4>\n<\/div>\n<\/div>\n<\/div>\n<div class=\"document-page\" data-page=\"13\" width=\"816\" height=\"1056\">\n<div class=\"pdf-page\" width=\"816\" height=\"1056\">\n<div class=\"text-wrapper user-select-text\" width=\"816\" height=\"1056\">\n<h4 data-canvas-width=\"588.6613333333335\">Un \u0219emineu neizolat, duce la pierderi semnificative de c\u0103ldur\u0103, ceea ce \u00eenseamn\u0103 bani arunca\u021bi! De asemenea, izolarea hotei \u0219emineului cu material precum azbestul, poate fi cancerigen. Daca e \u00eentr-o condit\u021be bun\u0103, nu prezinta un pericol pentru s\u0103n\u0103tate, dar \u00een momentul \u00een care devine friabil sau sf\u0103r\u00e2micios, fibrele de azbest pot fi eliberate \u00een aer. Asigura\u021bi-v\u0103 c\u0103 specialistul care a realizat izolarea hotei \u0219emineului a folosit material de cea mai bun\u0103 calitate. Pune\u021bi \u00eentreb\u0103ri \u0219i sigur ve\u021bi primi r\u0103spunsuri.<\/h4>\n<h4 data-canvas-width=\"600.3506666666667\">Instalarea unui sistem de ventilare ajut\u0103 at\u00e2t la eliminarea din \u00eenc\u0103pere a substan\u021belor nocive c\u00e2t \u0219i la realizarea corect\u0103 a circula\u021biei de aer necesar func\u021bion\u0103rii c\u00e2t mai eficiente a \u0219emineului.<\/h4>\n<h4 data-canvas-width=\"621.0306666666668\">Asigura\u021bi-v\u0103 c\u0103 \u00eenc\u0103perea \u00een care este montat \u0219emineul este destul de aerisit! Nu se monteaz\u0103 \u0219eminee \u00een \u00eenc\u0103peri care nu au ferestre sau acces spre exterior!<\/h4>\n<h4 data-canvas-width=\"611.7173333333333\">Pentru ardere, dac\u0103 a\u021bi optat pentru un \u0219emineu pe lemne, asigura\u021bi-v\u0103 c\u0103 materialul folosit este optim pentru utilizarea \u00een \u0219emineu! Unele tipuri de lemne pot duce la agravarea anumitor boli pulmonare, deoarece emana funingine \u0219i carbon. De asemenea, este de preferat s\u0103 ave\u021bi un paravan in fa\u021ba \u0219emineului, pentru evitarea unui incendiu provocat de sc\u00e2ntei.<\/h4>\n<h4 data-canvas-width=\"127.5266666666667\">Oricare ar fi alegerea dumneavoastr\u0103,asigura\u021bi-v\u0103 c\u0103 primi\u021bi ceea ce pl\u0103ti\u021bi!<\/h4>\n<h4>Asigura\u021bi-v\u0103 c\u0103 specialistul este \u00eentr-adev\u0103r specialist \u0219i \u0219tie ce face! Comunica\u021bi,<\/h4>\n<h4 data-canvas-width=\"54.164\">\u00eentreba\u021bi \u0219i fi\u021bi sigur c\u0103 produsul final corespunde at\u00e2t din punct de vedere al calit\u0103\u021bii c\u00e2t \u0219i al siguran\u021bei!<\/h4>\n<\/div>\n<\/div>\n<\/div>\n<p>[\/et_pb_text][\/et_pb_column][\/et_pb_row][\/et_pb_section]<\/p>\n","protected":false},"excerpt":{"rendered":"<p>G\u00e2nde\u0219te \u0219i investe\u0219te \u00een siguran\u021b\u0103, pe termen lung ! E bine s\u0103 investim \u00een noi, \u00een educa\u021bia noastr\u0103, \u00een dezvoltarea competen\u021belor noastre. E bine s\u0103 investim \u0219i \u00een locuin\u021ba noastr\u0103. Ne place s\u0103 avem lucruri frumoase, dar sunt ele \u00eentotdeauna \u0219i sigure? Este important s\u0103 g\u00e2ndim pe termen lung! Investi\u021biile, \u00een ambele cazuri, nu sunt [&hellip;]<\/p>\n","protected":false},"author":3,"featured_media":0,"parent":11,"menu_order":2,"comment_status":"closed","ping_status":"closed","template":"","meta":{"_et_pb_use_builder":"on","_et_pb_old_content":"<!-- wp:divi\/placeholder \/-->","_et_gb_content_width":"","_mi_skip_tracking":false,"_monsterinsights_sitenote_active":false,"_monsterinsights_sitenote_note":"","_monsterinsights_sitenote_category":0,"footnotes":""},"class_list":["post-56","page","type-page","status-publish","hentry"],"yoast_head":"<!-- This site is optimized with the Yoast SEO plugin v18.7 - https:\/\/yoast.com\/wordpress\/plugins\/seo\/ -->\n<title>G\u00e2nde\u0219te \u0219i investe\u0219te \u00een siguran\u021b\u0103 pe termen lung - Semineevistea<\/title>\n<meta name=\"robots\" content=\"index, follow, max-snippet:-1, max-image-preview:large, max-video-preview:-1\" \/>\n<link rel=\"canonical\" href=\"https:\/\/semineevistea.ro\/index.php\/seminee\/gandeste-si-investeste-in-siguranta-pe-termen-lung\/\" \/>\n<meta property=\"og:locale\" content=\"ro_RO\" \/>\n<meta property=\"og:type\" content=\"article\" \/>\n<meta property=\"og:title\" content=\"G\u00e2nde\u0219te \u0219i investe\u0219te \u00een siguran\u021b\u0103 pe termen lung - Semineevistea\" \/>\n<meta property=\"og:description\" content=\"G\u00e2nde\u0219te \u0219i investe\u0219te \u00een siguran\u021b\u0103, pe termen lung ! E bine s\u0103 investim \u00een noi, \u00een educa\u021bia noastr\u0103, \u00een dezvoltarea competen\u021belor noastre. E bine s\u0103 investim \u0219i \u00een locuin\u021ba noastr\u0103. Ne place s\u0103 avem lucruri frumoase, dar sunt ele \u00eentotdeauna \u0219i sigure? Este important s\u0103 g\u00e2ndim pe termen lung! Investi\u021biile, \u00een ambele cazuri, nu sunt [&hellip;]\" \/>\n<meta property=\"og:url\" content=\"https:\/\/semineevistea.ro\/index.php\/seminee\/gandeste-si-investeste-in-siguranta-pe-termen-lung\/\" \/>\n<meta property=\"og:site_name\" content=\"Semineevistea\" \/>\n<meta property=\"article:modified_time\" content=\"2022-03-10T13:34:09+00:00\" \/>\n<meta name=\"twitter:card\" content=\"summary_large_image\" \/>\n<script type=\"application\/ld+json\" class=\"yoast-schema-graph\">{\"@context\":\"https:\/\/schema.org\",\"@graph\":[{\"@type\":\"Organization\",\"@id\":\"https:\/\/semineevistea.ro\/#organization\",\"name\":\"Seminee Vistea\",\"url\":\"https:\/\/semineevistea.ro\/\",\"sameAs\":[],\"logo\":{\"@type\":\"ImageObject\",\"inLanguage\":\"ro-RO\",\"@id\":\"https:\/\/semineevistea.ro\/#\/schema\/logo\/image\/\",\"url\":\"https:\/\/semineevistea.ro\/wp-content\/uploads\/2022\/01\/Seminee-black.png\",\"contentUrl\":\"https:\/\/semineevistea.ro\/wp-content\/uploads\/2022\/01\/Seminee-black.png\",\"width\":1258,\"height\":487,\"caption\":\"Seminee Vistea\"},\"image\":{\"@id\":\"https:\/\/semineevistea.ro\/#\/schema\/logo\/image\/\"}},{\"@type\":\"WebSite\",\"@id\":\"https:\/\/semineevistea.ro\/#website\",\"url\":\"https:\/\/semineevistea.ro\/\",\"name\":\"Semineevistea\",\"description\":\"\",\"publisher\":{\"@id\":\"https:\/\/semineevistea.ro\/#organization\"},\"potentialAction\":[{\"@type\":\"SearchAction\",\"target\":{\"@type\":\"EntryPoint\",\"urlTemplate\":\"https:\/\/semineevistea.ro\/?s={search_term_string}\"},\"query-input\":\"required name=search_term_string\"}],\"inLanguage\":\"ro-RO\"},{\"@type\":\"WebPage\",\"@id\":\"https:\/\/semineevistea.ro\/index.php\/seminee\/gandeste-si-investeste-in-siguranta-pe-termen-lung\/#webpage\",\"url\":\"https:\/\/semineevistea.ro\/index.php\/seminee\/gandeste-si-investeste-in-siguranta-pe-termen-lung\/\",\"name\":\"G\u00e2nde\u0219te \u0219i investe\u0219te \u00een siguran\u021b\u0103 pe termen lung - Semineevistea\",\"isPartOf\":{\"@id\":\"https:\/\/semineevistea.ro\/#website\"},\"datePublished\":\"2022-01-11T20:21:20+00:00\",\"dateModified\":\"2022-03-10T13:34:09+00:00\",\"breadcrumb\":{\"@id\":\"https:\/\/semineevistea.ro\/index.php\/seminee\/gandeste-si-investeste-in-siguranta-pe-termen-lung\/#breadcrumb\"},\"inLanguage\":\"ro-RO\",\"potentialAction\":[{\"@type\":\"ReadAction\",\"target\":[\"https:\/\/semineevistea.ro\/index.php\/seminee\/gandeste-si-investeste-in-siguranta-pe-termen-lung\/\"]}]},{\"@type\":\"BreadcrumbList\",\"@id\":\"https:\/\/semineevistea.ro\/index.php\/seminee\/gandeste-si-investeste-in-siguranta-pe-termen-lung\/#breadcrumb\",\"itemListElement\":[{\"@type\":\"ListItem\",\"position\":1,\"name\":\"Prima pagin\u0103\",\"item\":\"https:\/\/semineevistea.ro\/\"},{\"@type\":\"ListItem\",\"position\":2,\"name\":\"\u0218eminee\",\"item\":\"https:\/\/semineevistea.ro\/index.php\/seminee\/\"},{\"@type\":\"ListItem\",\"position\":3,\"name\":\"G\u00e2nde\u0219te \u0219i investe\u0219te \u00een siguran\u021b\u0103 pe termen lung\"}]}]}<\/script>\n<!-- \/ Yoast SEO plugin. -->","yoast_head_json":{"title":"G\u00e2nde\u0219te \u0219i investe\u0219te \u00een siguran\u021b\u0103 pe termen lung - Semineevistea","robots":{"index":"index","follow":"follow","max-snippet":"max-snippet:-1","max-image-preview":"max-image-preview:large","max-video-preview":"max-video-preview:-1"},"canonical":"https:\/\/semineevistea.ro\/index.php\/seminee\/gandeste-si-investeste-in-siguranta-pe-termen-lung\/","og_locale":"ro_RO","og_type":"article","og_title":"G\u00e2nde\u0219te \u0219i investe\u0219te \u00een siguran\u021b\u0103 pe termen lung - Semineevistea","og_description":"G\u00e2nde\u0219te \u0219i investe\u0219te \u00een siguran\u021b\u0103, pe termen lung ! E bine s\u0103 investim \u00een noi, \u00een educa\u021bia noastr\u0103, \u00een dezvoltarea competen\u021belor noastre. E bine s\u0103 investim \u0219i \u00een locuin\u021ba noastr\u0103. Ne place s\u0103 avem lucruri frumoase, dar sunt ele \u00eentotdeauna \u0219i sigure? Este important s\u0103 g\u00e2ndim pe termen lung! Investi\u021biile, \u00een ambele cazuri, nu sunt [&hellip;]","og_url":"https:\/\/semineevistea.ro\/index.php\/seminee\/gandeste-si-investeste-in-siguranta-pe-termen-lung\/","og_site_name":"Semineevistea","article_modified_time":"2022-03-10T13:34:09+00:00","twitter_card":"summary_large_image","schema":{"@context":"https:\/\/schema.org","@graph":[{"@type":"Organization","@id":"https:\/\/semineevistea.ro\/#organization","name":"Seminee Vistea","url":"https:\/\/semineevistea.ro\/","sameAs":[],"logo":{"@type":"ImageObject","inLanguage":"ro-RO","@id":"https:\/\/semineevistea.ro\/#\/schema\/logo\/image\/","url":"https:\/\/semineevistea.ro\/wp-content\/uploads\/2022\/01\/Seminee-black.png","contentUrl":"https:\/\/semineevistea.ro\/wp-content\/uploads\/2022\/01\/Seminee-black.png","width":1258,"height":487,"caption":"Seminee Vistea"},"image":{"@id":"https:\/\/semineevistea.ro\/#\/schema\/logo\/image\/"}},{"@type":"WebSite","@id":"https:\/\/semineevistea.ro\/#website","url":"https:\/\/semineevistea.ro\/","name":"Semineevistea","description":"","publisher":{"@id":"https:\/\/semineevistea.ro\/#organization"},"potentialAction":[{"@type":"SearchAction","target":{"@type":"EntryPoint","urlTemplate":"https:\/\/semineevistea.ro\/?s={search_term_string}"},"query-input":"required name=search_term_string"}],"inLanguage":"ro-RO"},{"@type":"WebPage","@id":"https:\/\/semineevistea.ro\/index.php\/seminee\/gandeste-si-investeste-in-siguranta-pe-termen-lung\/#webpage","url":"https:\/\/semineevistea.ro\/index.php\/seminee\/gandeste-si-investeste-in-siguranta-pe-termen-lung\/","name":"G\u00e2nde\u0219te \u0219i investe\u0219te \u00een siguran\u021b\u0103 pe termen lung - Semineevistea","isPartOf":{"@id":"https:\/\/semineevistea.ro\/#website"},"datePublished":"2022-01-11T20:21:20+00:00","dateModified":"2022-03-10T13:34:09+00:00","breadcrumb":{"@id":"https:\/\/semineevistea.ro\/index.php\/seminee\/gandeste-si-investeste-in-siguranta-pe-termen-lung\/#breadcrumb"},"inLanguage":"ro-RO","potentialAction":[{"@type":"ReadAction","target":["https:\/\/semineevistea.ro\/index.php\/seminee\/gandeste-si-investeste-in-siguranta-pe-termen-lung\/"]}]},{"@type":"BreadcrumbList","@id":"https:\/\/semineevistea.ro\/index.php\/seminee\/gandeste-si-investeste-in-siguranta-pe-termen-lung\/#breadcrumb","itemListElement":[{"@type":"ListItem","position":1,"name":"Prima pagin\u0103","item":"https:\/\/semineevistea.ro\/"},{"@type":"ListItem","position":2,"name":"\u0218eminee","item":"https:\/\/semineevistea.ro\/index.php\/seminee\/"},{"@type":"ListItem","position":3,"name":"G\u00e2nde\u0219te \u0219i investe\u0219te \u00een siguran\u021b\u0103 pe termen lung"}]}]}},"_links":{"self":[{"href":"https:\/\/semineevistea.ro\/index.php\/wp-json\/wp\/v2\/pages\/56","targetHints":{"allow":["GET"]}}],"collection":[{"href":"https:\/\/semineevistea.ro\/index.php\/wp-json\/wp\/v2\/pages"}],"about":[{"href":"https:\/\/semineevistea.ro\/index.php\/wp-json\/wp\/v2\/types\/page"}],"author":[{"embeddable":true,"href":"https:\/\/semineevistea.ro\/index.php\/wp-json\/wp\/v2\/users\/3"}],"replies":[{"embeddable":true,"href":"https:\/\/semineevistea.ro\/index.php\/wp-json\/wp\/v2\/comments?post=56"}],"version-history":[{"count":10,"href":"https:\/\/semineevistea.ro\/index.php\/wp-json\/wp\/v2\/pages\/56\/revisions"}],"predecessor-version":[{"id":4674,"href":"https:\/\/semineevistea.ro\/index.php\/wp-json\/wp\/v2\/pages\/56\/revisions\/4674"}],"up":[{"embeddable":true,"href":"https:\/\/semineevistea.ro\/index.php\/wp-json\/wp\/v2\/pages\/11"}],"wp:attachment":[{"href":"https:\/\/semineevistea.ro\/index.php\/wp-json\/wp\/v2\/media?parent=56"}],"curies":[{"name":"wp","href":"https:\/\/api.w.org\/{rel}","templated":true}]}}