{"id":9,"date":"2022-01-11T20:00:27","date_gmt":"2022-01-11T20:00:27","guid":{"rendered":"http:\/\/hostingwp2033406.online.pro\/dummy\/semineevestea\/?page_id=9"},"modified":"2022-04-07T14:25:42","modified_gmt":"2022-04-07T14:25:42","slug":"acasa","status":"publish","type":"page","link":"https:\/\/semineevistea.ro\/","title":{"rendered":"Acas\u0103"},"content":{"rendered":"<p>[et_pb_section fb_built=&#8221;1&#8243; specialty=&#8221;on&#8221; _builder_version=&#8221;4.14.5&#8243; _module_preset=&#8221;default&#8221; background_color=&#8221;RGBA(255,255,255,0)&#8221; background_enable_image=&#8221;off&#8221; custom_margin=&#8221;||||false|false&#8221; global_colors_info=&#8221;{}&#8221;][et_pb_column type=&#8221;1_2&#8243; specialty_columns=&#8221;2&#8243; _builder_version=&#8221;3.25&#8243; custom_padding=&#8221;|||&#8221; global_colors_info=&#8221;{}&#8221; custom_padding__hover=&#8221;|||&#8221;][et_pb_row_inner _builder_version=&#8221;4.14.5&#8243; _module_preset=&#8221;default&#8221; custom_margin_tablet=&#8221;-45px||||false|false&#8221; custom_margin_phone=&#8221;-27px||||false|false&#8221; custom_margin_last_edited=&#8221;on|tablet&#8221; global_colors_info=&#8221;{}&#8221;][et_pb_column_inner saved_specialty_column_type=&#8221;1_2&#8243; _builder_version=&#8221;4.14.5&#8243; _module_preset=&#8221;default&#8221; global_colors_info=&#8221;{}&#8221;][et_pb_image src=&#8221;https:\/\/semineevistea.ro\/wp-content\/uploads\/2022\/01\/Seminee-white.png&#8221; title_text=&#8221;Seminee white&#8221; align=&#8221;center&#8221; _builder_version=&#8221;4.14.5&#8243; _module_preset=&#8221;default&#8221; max_width_tablet=&#8221;&#8221; max_width_phone=&#8221;&#8221; max_width_last_edited=&#8221;on|tablet&#8221; height_tablet=&#8221;250px&#8221; height_phone=&#8221;100px&#8221; height_last_edited=&#8221;on|tablet&#8221; global_colors_info=&#8221;{}&#8221;][\/et_pb_image][\/et_pb_column_inner][\/et_pb_row_inner][et_pb_row_inner make_equal=&#8221;on&#8221; _builder_version=&#8221;4.14.5&#8243; _module_preset=&#8221;default&#8221; custom_margin_tablet=&#8221;50px||||false|false&#8221; custom_margin_phone=&#8221;50px||||false|false&#8221; custom_margin_last_edited=&#8221;on|tablet&#8221; custom_padding=&#8221;0px|||||&#8221; global_colors_info=&#8221;{}&#8221; custom_css_main_element_last_edited=&#8221;on|tablet&#8221;][et_pb_column_inner saved_specialty_column_type=&#8221;1_2&#8243; _builder_version=&#8221;4.14.5&#8243; _module_preset=&#8221;default&#8221; global_colors_info=&#8221;{}&#8221; custom_css_main_element_last_edited=&#8221;on|tablet&#8221; custom_css_main_element_tablet=&#8221;margin: auto;&#8221; custom_css_main_element_phone=&#8221;margin: auto;&#8221;][et_pb_text _builder_version=&#8221;4.14.5&#8243; _module_preset=&#8221;default&#8221; text_font=&#8221;|600|||||||&#8221; text_font_size=&#8221;16px&#8221; text_line_height=&#8221;1.8em&#8221; global_colors_info=&#8221;{}&#8221;]<\/p>\n<p>Din anul 2004, Albi Vi\u0219tea SRL realizeaz\u0103 \u0219i sculpteaz\u0103 manual toate elementele pentru \u0219emineele sale. Toate lucr\u0103rile sunt realizate pe baz\u0103 de comand\u0103, dup\u0103 preferin\u021bele fiec\u0103rui client.<\/p>\n<p>[\/et_pb_text][\/et_pb_column_inner][\/et_pb_row_inner][\/et_pb_column][et_pb_column type=&#8221;1_2&#8243; _builder_version=&#8221;3.25&#8243; custom_padding=&#8221;|||&#8221; global_colors_info=&#8221;{}&#8221; custom_padding__hover=&#8221;|||&#8221;][et_pb_image src=&#8221;https:\/\/semineevistea.ro\/wp-content\/uploads\/2022\/01\/20190215_143442-scaled.jpg&#8221; title_text=&#8221;20190215_143442&#8243; align_tablet=&#8221;center&#8221; align_phone=&#8221;center&#8221; align_last_edited=&#8221;on|desktop&#8221; _builder_version=&#8221;4.14.5&#8243; _module_preset=&#8221;default&#8221; animation_style=&#8221;slide&#8221; animation_direction=&#8221;right&#8221; animation_duration=&#8221;2000ms&#8221; animation_intensity_slide=&#8221;100%&#8221; animation_starting_opacity=&#8221;100%&#8221; animation_speed_curve=&#8221;ease-out&#8221; hover_enabled=&#8221;0&#8243; border_width_all=&#8221;5px&#8221; border_color_all=&#8221;#FFFFFF&#8221; global_colors_info=&#8221;{}&#8221; height_last_edited=&#8221;on|phone&#8221; sticky_enabled=&#8221;0&#8243;][\/et_pb_image][\/et_pb_column][\/et_pb_section][et_pb_section fb_built=&#8221;1&#8243; _builder_version=&#8221;4.14.5&#8243; _module_preset=&#8221;default&#8221; global_colors_info=&#8221;{}&#8221;][et_pb_row column_structure=&#8221;1_3,1_3,1_3&#8243; use_custom_gutter=&#8221;on&#8221; gutter_width=&#8221;2&#8243; _builder_version=&#8221;4.14.5&#8243; _module_preset=&#8221;default&#8221; hover_transition_duration=&#8221;50ms&#8221; global_colors_info=&#8221;{}&#8221;][et_pb_column type=&#8221;1_3&#8243; _builder_version=&#8221;4.14.5&#8243; _module_preset=&#8221;default&#8221; global_colors_info=&#8221;{}&#8221;][et_pb_blurb title=&#8221;\u0218eminee&#8221; url=&#8221;https:\/\/semineevistea.ro\/index.php\/seminee\/&#8221; image=&#8221;https:\/\/semineevistea.ro\/wp-content\/uploads\/2022\/02\/DSCN0503-1-scaled.jpg&#8221; module_class=&#8221;et_pb_blurb_cat&#8221; _builder_version=&#8221;4.14.5&#8243; _module_preset=&#8221;default&#8221; header_text_align=&#8221;center&#8221; header_line_height=&#8221;1.4em&#8221; link_option_url=&#8221;https:\/\/semineevistea.ro\/index.php\/seminee\/&#8221; global_colors_info=&#8221;{}&#8221;][\/et_pb_blurb][\/et_pb_column][et_pb_column type=&#8221;1_3&#8243; _builder_version=&#8221;4.14.5&#8243; _module_preset=&#8221;default&#8221; global_colors_info=&#8221;{}&#8221;][et_pb_blurb title=&#8221;Lucr\u0103ri din piatr\u0103&#8221; url=&#8221;https:\/\/semineevistea.ro\/index.php\/lucrari-din-piatra\/&#8221; image=&#8221;https:\/\/semineevistea.ro\/wp-content\/uploads\/2022\/01\/20190902_182327_Original-scaled.jpg&#8221; module_class=&#8221;et_pb_blurb_cat&#8221; _builder_version=&#8221;4.14.5&#8243; _module_preset=&#8221;default&#8221; header_text_align=&#8221;center&#8221; header_line_height=&#8221;1.4em&#8221; link_option_url=&#8221;https:\/\/semineevistea.ro\/index.php\/lucrari-din-piatra\/&#8221; global_colors_info=&#8221;{}&#8221;][\/et_pb_blurb][\/et_pb_column][et_pb_column type=&#8221;1_3&#8243; _builder_version=&#8221;4.14.5&#8243; _module_preset=&#8221;default&#8221; global_colors_info=&#8221;{}&#8221;][et_pb_blurb title=&#8221;Restaur\u0103ri&#8221; url=&#8221;https:\/\/semineevistea.ro\/index.php\/restaurari\/&#8221; image=&#8221;https:\/\/semineevistea.ro\/wp-content\/uploads\/2022\/01\/DSC00191.jpg&#8221; module_class=&#8221;et_pb_blurb_cat&#8221; _builder_version=&#8221;4.14.5&#8243; _module_preset=&#8221;default&#8221; header_text_align=&#8221;center&#8221; header_line_height=&#8221;1.4em&#8221; link_option_url=&#8221;https:\/\/semineevistea.ro\/index.php\/restaurari\/&#8221; global_colors_info=&#8221;{}&#8221;][\/et_pb_blurb][\/et_pb_column][\/et_pb_row][\/et_pb_section][et_pb_section fb_built=&#8221;1&#8243; fullwidth=&#8221;on&#8221; _builder_version=&#8221;4.14.5&#8243; _module_preset=&#8221;default&#8221; custom_margin=&#8221;||0px||false|false&#8221; global_colors_info=&#8221;{}&#8221;][et_pb_fullwidth_header title=&#8221;Despre noi&#8221; text_orientation=&#8221;right&#8221; button_one_text=&#8221;Afla\u021bi mai mult&#8221; button_one_url=&#8221;https:\/\/semineevistea.ro\/index.php\/despre-noi\/&#8221; header_image_url=&#8221;https:\/\/semineevistea.ro\/wp-content\/uploads\/2022\/01\/20190902_182339-scaled.jpg&#8221; _builder_version=&#8221;4.14.5&#8243; _module_preset=&#8221;default&#8221; title_text_color=&#8221;#000000&#8243; content_font=&#8221;|600|||||||&#8221; content_text_color=&#8221;#666666&#8243; content_font_size=&#8221;16px&#8221; content_line_height=&#8221;1.8em&#8221; background_color=&#8221;rgba(0,0,0,0.05)&#8221; custom_button_one=&#8221;on&#8221; button_one_text_size=&#8221;18px&#8221; button_one_text_color=&#8221;#FFFFFF&#8221; button_one_bg_color=&#8221;#c0a188&#8243; button_one_border_width=&#8221;0px&#8221; button_one_border_radius=&#8221;5px&#8221; button_one_use_icon=&#8221;off&#8221; custom_margin=&#8221;||||false|false&#8221; custom_padding=&#8221;||||false|false&#8221; border_width_right_image=&#8221;25px&#8221; border_color_right_image=&#8221;#c0a188&#8243; border_width_bottom_image=&#8221;25px&#8221; border_color_bottom_image=&#8221;#bf9b80&#8243; global_colors_info=&#8221;{}&#8221; button_one_bg_color__hover_enabled=&#8221;on|desktop&#8221; button_one_bg_color__hover=&#8221;#000000&#8243; button_one_bg_enable_color__hover=&#8221;on&#8221;]<\/p>\n<p>Din anul 2004, Albi Vi\u0219tea realizeaz\u0103 \u0219i sculpteaz\u0103 manual toate elementele pentru \u0219emineele sale. Toate lucr\u0103rile sunt realizate pe baza de comand\u0103, dup\u0103 preferin\u021bele fiec\u0103rui client.<\/p>\n<p>[\/et_pb_fullwidth_header][\/et_pb_section][et_pb_section fb_built=&#8221;1&#8243; fullwidth=&#8221;on&#8221; _builder_version=&#8221;4.14.5&#8243; _module_preset=&#8221;default&#8221; global_colors_info=&#8221;{}&#8221;][et_pb_fullwidth_header button_one_text=&#8221;Contact&#8221; button_one_url=&#8221;https:\/\/semineevistea.ro\/index.php\/contact\/&#8221; header_image_url=&#8221;https:\/\/semineevistea.ro\/wp-content\/uploads\/2022\/01\/IMG_1341-scaled.jpg&#8221; _builder_version=&#8221;4.14.5&#8243; _module_preset=&#8221;default&#8221; title_text_color=&#8221;#000000&#8243; content_font=&#8221;|600|||||||&#8221; content_text_color=&#8221;#666666&#8243; content_font_size=&#8221;16px&#8221; content_line_height=&#8221;1.8em&#8221; background_enable_color=&#8221;off&#8221; custom_button_one=&#8221;on&#8221; button_one_text_size=&#8221;18px&#8221; button_one_text_color=&#8221;#FFFFFF&#8221; button_one_bg_color=&#8221;#c0a188&#8243; button_one_border_width=&#8221;0px&#8221; button_one_border_radius=&#8221;5px&#8221; button_one_use_icon=&#8221;off&#8221; custom_margin=&#8221;0px||||false|false&#8221; border_width_right_image=&#8221;25px&#8221; border_color_right_image=&#8221;#c0a188&#8243; border_width_bottom_image=&#8221;25px&#8221; border_color_bottom_image=&#8221;#bf9b80&#8243; global_colors_info=&#8221;{}&#8221; button_one_bg_color__hover_enabled=&#8221;on|desktop&#8221; button_one_bg_color__hover=&#8221;#000000&#8243; button_one_bg_enable_color__hover=&#8221;on&#8221;]<\/p>\n<p><span>Pentru o ofert\u0103 de pre\u021b v\u0103 rug\u0103m s\u0103 ne contacta\u021bi \u0219i \u00een cel mai scurt timp vi se comunic\u0103 un pre\u021b \u0219i condi\u021biile de executare a proiectului:<\/span><\/p>\n<p>[\/et_pb_fullwidth_header][\/et_pb_section][et_pb_section fb_built=&#8221;1&#8243; _builder_version=&#8221;4.14.5&#8243; _module_preset=&#8221;default&#8221; use_background_color_gradient=&#8221;on&#8221; background_color_gradient_start=&#8221;rgba(0,0,0,0.2)&#8221; background_color_gradient_end=&#8221;rgba(0,0,0,0.3)&#8221; background_color_gradient_overlays_image=&#8221;on&#8221; background_image=&#8221;https:\/\/semineevistea.ro\/wp-content\/uploads\/2022\/01\/pexels-karolina-grabowska-4705853-1.jpg&#8221; positioning=&#8221;absolute&#8221; min_height=&#8221;379px&#8221; min_height_tablet=&#8221;490px&#8221; min_height_phone=&#8221;400px&#8221; min_height_last_edited=&#8221;on|phone&#8221; custom_margin=&#8221;-140px||-20px||false|false&#8221; custom_margin_tablet=&#8221;-160px||-20px||false|false&#8221; custom_margin_phone=&#8221;-180px||-20px||false|false&#8221; custom_margin_last_edited=&#8221;on|phone&#8221; global_colors_info=&#8221;{}&#8221;][\/et_pb_section]<\/p>\n","protected":false},"excerpt":{"rendered":"<p>Din anul 2004, Albi Vi\u0219tea SRL realizeaz\u0103 \u0219i sculpteaz\u0103 manual toate elementele pentru \u0219emineele sale. Toate lucr\u0103rile sunt realizate pe baz\u0103 de comand\u0103, dup\u0103 preferin\u021bele fiec\u0103rui client.Din anul 2004, Albi Vi\u0219tea realizeaz\u0103 \u0219i sculpteaz\u0103 manual toate elementele pentru \u0219emineele sale. Toate lucr\u0103rile sunt realizate pe baza de comand\u0103, dup\u0103 preferin\u021bele fiec\u0103rui client.Pentru o ofert\u0103 de [&hellip;]<\/p>\n","protected":false},"author":3,"featured_media":0,"parent":0,"menu_order":0,"comment_status":"closed","ping_status":"closed","template":"","meta":{"_et_pb_use_builder":"on","_et_pb_old_content":"","_et_gb_content_width":"","_mi_skip_tracking":false,"_monsterinsights_sitenote_active":false,"_monsterinsights_sitenote_note":"","_monsterinsights_sitenote_category":0,"footnotes":""},"class_list":["post-9","page","type-page","status-publish","hentry"],"yoast_head":"<!-- This site is optimized with the Yoast SEO plugin v18.7 - https:\/\/yoast.com\/wordpress\/plugins\/seo\/ -->\n<title>Acas\u0103 - Semineevistea<\/title>\n<meta name=\"robots\" content=\"index, follow, max-snippet:-1, max-image-preview:large, max-video-preview:-1\" \/>\n<link rel=\"canonical\" href=\"https:\/\/semineevistea.ro\/\" \/>\n<meta property=\"og:locale\" content=\"ro_RO\" \/>\n<meta property=\"og:type\" content=\"article\" \/>\n<meta property=\"og:title\" content=\"Acas\u0103 - Semineevistea\" \/>\n<meta property=\"og:description\" content=\"Din anul 2004, Albi Vi\u0219tea SRL realizeaz\u0103 \u0219i sculpteaz\u0103 manual toate elementele pentru \u0219emineele sale. Toate lucr\u0103rile sunt realizate pe baz\u0103 de comand\u0103, dup\u0103 preferin\u021bele fiec\u0103rui client.Din anul 2004, Albi Vi\u0219tea realizeaz\u0103 \u0219i sculpteaz\u0103 manual toate elementele pentru \u0219emineele sale. Toate lucr\u0103rile sunt realizate pe baza de comand\u0103, dup\u0103 preferin\u021bele fiec\u0103rui client.Pentru o ofert\u0103 de [&hellip;]\" \/>\n<meta property=\"og:url\" content=\"https:\/\/semineevistea.ro\/\" \/>\n<meta property=\"og:site_name\" content=\"Semineevistea\" \/>\n<meta property=\"article:modified_time\" content=\"2022-04-07T14:25:42+00:00\" \/>\n<meta name=\"twitter:card\" content=\"summary_large_image\" \/>\n<script type=\"application\/ld+json\" class=\"yoast-schema-graph\">{\"@context\":\"https:\/\/schema.org\",\"@graph\":[{\"@type\":\"Organization\",\"@id\":\"https:\/\/semineevistea.ro\/#organization\",\"name\":\"Seminee Vistea\",\"url\":\"https:\/\/semineevistea.ro\/\",\"sameAs\":[],\"logo\":{\"@type\":\"ImageObject\",\"inLanguage\":\"ro-RO\",\"@id\":\"https:\/\/semineevistea.ro\/#\/schema\/logo\/image\/\",\"url\":\"https:\/\/semineevistea.ro\/wp-content\/uploads\/2022\/01\/Seminee-black.png\",\"contentUrl\":\"https:\/\/semineevistea.ro\/wp-content\/uploads\/2022\/01\/Seminee-black.png\",\"width\":1258,\"height\":487,\"caption\":\"Seminee Vistea\"},\"image\":{\"@id\":\"https:\/\/semineevistea.ro\/#\/schema\/logo\/image\/\"}},{\"@type\":\"WebSite\",\"@id\":\"https:\/\/semineevistea.ro\/#website\",\"url\":\"https:\/\/semineevistea.ro\/\",\"name\":\"Semineevistea\",\"description\":\"\",\"publisher\":{\"@id\":\"https:\/\/semineevistea.ro\/#organization\"},\"potentialAction\":[{\"@type\":\"SearchAction\",\"target\":{\"@type\":\"EntryPoint\",\"urlTemplate\":\"https:\/\/semineevistea.ro\/?s={search_term_string}\"},\"query-input\":\"required name=search_term_string\"}],\"inLanguage\":\"ro-RO\"},{\"@type\":\"WebPage\",\"@id\":\"https:\/\/semineevistea.ro\/#webpage\",\"url\":\"https:\/\/semineevistea.ro\/\",\"name\":\"Acas\u0103 - Semineevistea\",\"isPartOf\":{\"@id\":\"https:\/\/semineevistea.ro\/#website\"},\"datePublished\":\"2022-01-11T20:00:27+00:00\",\"dateModified\":\"2022-04-07T14:25:42+00:00\",\"breadcrumb\":{\"@id\":\"https:\/\/semineevistea.ro\/#breadcrumb\"},\"inLanguage\":\"ro-RO\",\"potentialAction\":[{\"@type\":\"ReadAction\",\"target\":[\"https:\/\/semineevistea.ro\/\"]}]},{\"@type\":\"BreadcrumbList\",\"@id\":\"https:\/\/semineevistea.ro\/#breadcrumb\",\"itemListElement\":[{\"@type\":\"ListItem\",\"position\":1,\"name\":\"Prima pagin\u0103\",\"item\":\"https:\/\/semineevistea.ro\/\"},{\"@type\":\"ListItem\",\"position\":2,\"name\":\"Acas\u0103\"}]}]}<\/script>\n<!-- \/ Yoast SEO plugin. -->","yoast_head_json":{"title":"Acas\u0103 - Semineevistea","robots":{"index":"index","follow":"follow","max-snippet":"max-snippet:-1","max-image-preview":"max-image-preview:large","max-video-preview":"max-video-preview:-1"},"canonical":"https:\/\/semineevistea.ro\/","og_locale":"ro_RO","og_type":"article","og_title":"Acas\u0103 - Semineevistea","og_description":"Din anul 2004, Albi Vi\u0219tea SRL realizeaz\u0103 \u0219i sculpteaz\u0103 manual toate elementele pentru \u0219emineele sale. Toate lucr\u0103rile sunt realizate pe baz\u0103 de comand\u0103, dup\u0103 preferin\u021bele fiec\u0103rui client.Din anul 2004, Albi Vi\u0219tea realizeaz\u0103 \u0219i sculpteaz\u0103 manual toate elementele pentru \u0219emineele sale. Toate lucr\u0103rile sunt realizate pe baza de comand\u0103, dup\u0103 preferin\u021bele fiec\u0103rui client.Pentru o ofert\u0103 de [&hellip;]","og_url":"https:\/\/semineevistea.ro\/","og_site_name":"Semineevistea","article_modified_time":"2022-04-07T14:25:42+00:00","twitter_card":"summary_large_image","schema":{"@context":"https:\/\/schema.org","@graph":[{"@type":"Organization","@id":"https:\/\/semineevistea.ro\/#organization","name":"Seminee Vistea","url":"https:\/\/semineevistea.ro\/","sameAs":[],"logo":{"@type":"ImageObject","inLanguage":"ro-RO","@id":"https:\/\/semineevistea.ro\/#\/schema\/logo\/image\/","url":"https:\/\/semineevistea.ro\/wp-content\/uploads\/2022\/01\/Seminee-black.png","contentUrl":"https:\/\/semineevistea.ro\/wp-content\/uploads\/2022\/01\/Seminee-black.png","width":1258,"height":487,"caption":"Seminee Vistea"},"image":{"@id":"https:\/\/semineevistea.ro\/#\/schema\/logo\/image\/"}},{"@type":"WebSite","@id":"https:\/\/semineevistea.ro\/#website","url":"https:\/\/semineevistea.ro\/","name":"Semineevistea","description":"","publisher":{"@id":"https:\/\/semineevistea.ro\/#organization"},"potentialAction":[{"@type":"SearchAction","target":{"@type":"EntryPoint","urlTemplate":"https:\/\/semineevistea.ro\/?s={search_term_string}"},"query-input":"required name=search_term_string"}],"inLanguage":"ro-RO"},{"@type":"WebPage","@id":"https:\/\/semineevistea.ro\/#webpage","url":"https:\/\/semineevistea.ro\/","name":"Acas\u0103 - Semineevistea","isPartOf":{"@id":"https:\/\/semineevistea.ro\/#website"},"datePublished":"2022-01-11T20:00:27+00:00","dateModified":"2022-04-07T14:25:42+00:00","breadcrumb":{"@id":"https:\/\/semineevistea.ro\/#breadcrumb"},"inLanguage":"ro-RO","potentialAction":[{"@type":"ReadAction","target":["https:\/\/semineevistea.ro\/"]}]},{"@type":"BreadcrumbList","@id":"https:\/\/semineevistea.ro\/#breadcrumb","itemListElement":[{"@type":"ListItem","position":1,"name":"Prima pagin\u0103","item":"https:\/\/semineevistea.ro\/"},{"@type":"ListItem","position":2,"name":"Acas\u0103"}]}]}},"_links":{"self":[{"href":"https:\/\/semineevistea.ro\/index.php\/wp-json\/wp\/v2\/pages\/9","targetHints":{"allow":["GET"]}}],"collection":[{"href":"https:\/\/semineevistea.ro\/index.php\/wp-json\/wp\/v2\/pages"}],"about":[{"href":"https:\/\/semineevistea.ro\/index.php\/wp-json\/wp\/v2\/types\/page"}],"author":[{"embeddable":true,"href":"https:\/\/semineevistea.ro\/index.php\/wp-json\/wp\/v2\/users\/3"}],"replies":[{"embeddable":true,"href":"https:\/\/semineevistea.ro\/index.php\/wp-json\/wp\/v2\/comments?post=9"}],"version-history":[{"count":95,"href":"https:\/\/semineevistea.ro\/index.php\/wp-json\/wp\/v2\/pages\/9\/revisions"}],"predecessor-version":[{"id":4771,"href":"https:\/\/semineevistea.ro\/index.php\/wp-json\/wp\/v2\/pages\/9\/revisions\/4771"}],"wp:attachment":[{"href":"https:\/\/semineevistea.ro\/index.php\/wp-json\/wp\/v2\/media?parent=9"}],"curies":[{"name":"wp","href":"https:\/\/api.w.org\/{rel}","templated":true}]}}